{"id":34,"date":"2018-12-07T14:50:35","date_gmt":"2018-12-07T13:50:35","guid":{"rendered":"https:\/\/iutdijon.u-bourgogne.fr\/www\/en\/?page_id=34"},"modified":"2026-02-10T11:05:09","modified_gmt":"2026-02-10T10:05:09","slug":"mentions-legales","status":"publish","type":"page","link":"https:\/\/iutdijon.u-bourgogne.fr\/www\/mentions-legales","title":{"rendered":"Mentions l\u00e9gales"},"content":{"rendered":"<section class=\"kc-elm kc-css-197483 kc_row\"><div class=\"kc-row-container  kc-container\"><div class=\"kc-wrap-columns\"><div class=\"kc-elm kc-css-584294 kc_col-sm-12 kc_column kc_col-sm-12\"><div class=\"kc-col-container\"><div class=\"kc-elm kc-css-200501 kc_text_block\"><\/p>\n<p><strong style=\"font-style: inherit;\">Le pr\u00e9sent site est la propri\u00e9t\u00e9 de l&rsquo;IUT de Dijon\/Auxerre. Le directeur de la publication du site Internet est le Direction de l&rsquo;IUT de Dijon\/Auxerre.<\/strong><\/p>\n<section class=\"kc-elm kc-css-2939844 kc_row\">\n<div class=\"kc-row-container kc-container\">\n<div class=\"kc-wrap-columns\">\n<div class=\"kc-elm kc-css-549495 kc_col-sm-12 kc_column kc_col-sm-12\">\n<div class=\"kc-col-container\">\n<div class=\"kc-elm kc-css-3998113 kc_text_block\">\n<h3 class=\"intertitre\">Conception \/ contenus<\/h3>\n<p>Conseil, \u00e9laboration, cr\u00e9ation graphique, r\u00e9f\u00e9rencement :<br \/>\nService Informatique &#8211; Service communication &#8211; IUT Dijon\/Auxerre &#8211; Universit\u00e9 de Bourgogne<\/p>\n<p>Evolutions graphiques et \u00e9laboration des contenus\u00a0: Institut Universitaire de Technologie de Dijon\/Auxerre<br \/>\nContact webmaster\u00a0: <a href=\"mailto:webmaster@iut-dijon.u-bourgogne.fr\" title=\"Webmaster@iut-dijon.u-bourgogne.fr\">webmaster@iut-dijon.u-bourgogne.fr<\/a><\/p>\n<h3>H\u00e9bergement<\/h3>\n<p>H\u00e9bergement\u00a0: Institut Universitaire de Technologie de Dijon\/Auxerre<\/p>\n<h3 class=\"intertitre\">Avertissement aux utilisateurs<\/h3>\n<p>L&rsquo;utilisateur d\u00e9clare accepter les caract\u00e9ristiques et les limites d&rsquo;internet et, en particulier, reconna\u00eetre :<\/p>\n<ul>\n<li>avoir connaissance de la nature du r\u00e9seau de l&rsquo;internet et en particulier, de ses performances techniques et des temps de r\u00e9ponse, pour consulter, interroger ou transf\u00e9rer les donn\u00e9es d&rsquo;informations ;<\/li>\n<li>que les donn\u00e9es circulant sur l&rsquo;internet ne sont pas n\u00e9cessairement prot\u00e9g\u00e9es, notamment contre les d\u00e9tournements \u00e9ventuels ;<\/li>\n<li>qu&rsquo;il appartient \u00e0 l&rsquo;utilisateur de prendre toutes les mesures appropri\u00e9es de fa\u00e7on \u00e0 prot\u00e9ger ses propres donn\u00e9es et\/ou logiciels de la contamination par des \u00e9ventuels virus sur le r\u00e9seau de l&rsquo;internet.<\/li>\n<\/ul>\n<h3 class=\"intertitre\">Gestion des codes d&rsquo;acc\u00e8s et mots de passe<\/h3>\n<p>Certains services interactifs pr\u00e9sents sur le site (Intranet) n\u00e9cessitent un code d&rsquo;acc\u00e8s et un mot de passe qui sont fournis par le gestionnaire de ces services.<br \/>\nLes codes d&rsquo;acc\u00e8s et les mots de passe sont confidentiels, personnels, incessibles et intransmissibles. L&rsquo;utilisateur est responsable de la gestion et de la conservation de ses codes d&rsquo;acc\u00e8s et mots de passe. En cons\u00e9quence, il appartient \u00e0 l&rsquo;utilisateur de mettre en \u0153uvre toutes mesures de pr\u00e9caution n\u00e9cessaires \u00e0 leur protection et \u00e0 leur conservation. L&rsquo;utilisateur est responsable des cons\u00e9quences de leur utilisation.<br \/>\nPour des raisons de s\u00e9curit\u00e9, l&rsquo;acc\u00e8s aux rubriques s\u00e9curis\u00e9es sera automatiquement invalid\u00e9 \u00e0 l&rsquo;issue de plusieurs tentatives d&rsquo;acc\u00e8s erron\u00e9es. L&rsquo;IUT se r\u00e9serve le droit de suspendre l&rsquo;acc\u00e8s au site en cas d&rsquo;utilisation frauduleuse ou de tentative d&rsquo;utilisation frauduleuse du mot de passe ou du code d&rsquo;acc\u00e8s d&rsquo;un utilisateur.<br \/>\nEn cas de suspension de l&rsquo;acc\u00e8s, l&rsquo;IUT informera l&rsquo;utilisateur. Le changement de mot de passe est conseill\u00e9 au moment de la premi\u00e8re connexion pour des raisons de confidentialit\u00e9, et reste possible \u00e0 tout moment par la suite. Il est conseill\u00e9 par ailleurs aux utilisateurs de modifier ce mot de passe r\u00e9guli\u00e8rement.<\/p>\n<p>L&rsquo;utilisateur est seul responsable du choix, de l&rsquo;utilisation et de l&rsquo;interpr\u00e9tation des donn\u00e9es qu&rsquo;il consulte, interroge et transf\u00e8re sur l&rsquo;internet et de l&rsquo;usage des informations en ligne propos\u00e9es par l&rsquo;IUT dont la responsabilit\u00e9 ne saurait \u00eatre engag\u00e9e \u00e0 quelque titre que ce soit.<\/p>\n<p>L&rsquo;IUT de Dijon\/Auxerre ainsi que l&rsquo;Universit\u00e9 de Bourgogne mettent tout en \u0153uvre pour offrir aux utilisateurs des informations et\/ou outils disponibles et v\u00e9rifi\u00e9s, mais ne saurait \u00eatre tenue pour responsable des erreurs, d&rsquo;une absence de disponibilit\u00e9 des informations et\/ou de la pr\u00e9sence de virus sur son site.<\/p>\n<p>L&rsquo;utilisateur du site Internet reconna\u00eet disposer de la comp\u00e9tence et des moyens n\u00e9cessaires pour acc\u00e9der et utiliser ce site.<\/p>\n<p>L&rsquo;utilisateur reconna\u00eet \u00e9galement avoir pris connaissance de la pr\u00e9sente notice l\u00e9gale et s&rsquo;engage \u00e0 la respecter.<\/p>\n<h3 class=\"intertitre\">Informatique, fichiers et libert\u00e9s<\/h3>\n<p>l&rsquo;Institut Universitaire de Technologie de Dijon\/Auxerre respecte les dispositions protectrices des droits de l&rsquo;Homme et des libert\u00e9s fondamentales, la protection des donn\u00e9es \u00e0 caract\u00e8re personnel et leur libre circulation ainsi que la Directive 95\/46\/CE du Parlement europ\u00e9en et du Conseil du 24 octobre 1995 &#8211; Directive relative \u00e0 la protection des personnes physiques \u00e0 l&rsquo;\u00e9gard du traitement des donn\u00e9es \u00e0 caract\u00e8re personnel et \u00e0 la libre circulation de ces donn\u00e9es ; et la loi n\u00b0 78-17 du 6 janvier 1978 relative \u00e0 l&rsquo;informatique, aux fichiers et aux libert\u00e9s.<\/p>\n<p>l&rsquo;Institut Universitaire de Technologie de Dijon\/Auxerre a effectu\u00e9 les proc\u00e9dures et obtenu les autorisations l\u00e9gales et administratives requises et notamment la d\u00e9claration relative \u00e0 la mise en \u0153uvre de traitement automatis\u00e9 de donn\u00e9es nominatives aupr\u00e8s de la Commission Nationale Informatique et Libert\u00e9s (CNIL).<\/p>\n<p>L&rsquo;utilisateur est notamment inform\u00e9 que, conform\u00e9ment aux termes de la loi n\u00b0\u00a078-17 du 6 janvier 1978, relative \u00e0 l&rsquo;informatique, aux fichiers et aux libert\u00e9s, il b\u00e9n\u00e9ficie d&rsquo;un droit individuel d&rsquo;acc\u00e8s, de rectification et de suppression des informations personnelles le concernant.<\/p>\n<p>Institut Universitaire de Technologie de Dijon\/Auxerre<br \/>\nBoulevard Docteur Petitjean,<br \/>\nBP 17078<br \/>\n21078 Dijon Cedex<br \/>\nou par mail.\u00a0: <a href=\"mailto:webmaster@iut-dijon.u-bourgogne.fr\" title=\"Webmaster@iut-dijon.u-bourgogne.fr\">webmaster@iut-dijon.u-bourgogne.fr<\/a><\/p>\n<p>Le pr\u00e9sent site a fait l&rsquo;objet d&rsquo;une d\u00e9claration \u00e0 la CNIL sous le num\u00e9ro 1121776<\/p>\n<h3 class=\"intertitre\">Propri\u00e9t\u00e9 Intellectuelle<\/h3>\n<p>La structure g\u00e9n\u00e9rale ainsi que les logiciels, textes, images, sons, graphismes &#8230; et tout autre \u00e9l\u00e9ment composant le site sont la propri\u00e9t\u00e9 exclusive de l&rsquo;Universit\u00e9 de Bourgogne, ou bien sont r\u00e9guli\u00e8rement exploit\u00e9s sous licence. Toute reproduction ou repr\u00e9sentation totale ou partielle de ce site par quelque proc\u00e9d\u00e9 que ce soit, sans l&rsquo;autorisation expresse de l&rsquo;IUT est interdite et constituerait une contrefa\u00e7on sanctionn\u00e9e par les article L 335-2 et suivants du Code de la propri\u00e9t\u00e9 intellectuelle.<\/p>\n<p>Il en est de m\u00eame des bases de donn\u00e9es figurant sur le site Internet qui sont prot\u00e9g\u00e9es par les dispositions de la loi du 11 juillet 1998 portant transposition dans le Code de la propri\u00e9t\u00e9 intellectuelle (CPI) de la directive europ\u00e9enne du 11 mars 1996 relative \u00e0 la protection juridique des bases de donn\u00e9es.<br \/>\nL&rsquo;ensemble des fonds documentaires, textes, ouvrages et illustrations mis en ligne est prot\u00e9g\u00e9 par le droit d&rsquo;auteur. Toute reproduction ou repr\u00e9sentation totale ou partielle de ces images, toute modification, toute alt\u00e9ration, de ces marques ou de ces logos&#8230;, effectu\u00e9e \u00e0 partir des \u00e9l\u00e9ments du site, n&rsquo;est pas autoris\u00e9e sans l&rsquo;autorisation expresse de l&rsquo;Universit\u00e9 de Bourgogne, au sens de l&rsquo;article L 713-2 du CPI.<\/p>\n<h3 class=\"intertitre\">Liens hypertextes<\/h3>\n<p>L&rsquo;IUT de Dijon\/Auxerre d\u00e9cline toute responsabilit\u00e9 sur le contenu des sites dont il n&rsquo;est pas l&rsquo;\u00e9diteur et qui sont accessibles par l&rsquo;interm\u00e9diaire de liens hypertextes.<br \/>\nNous remercions les utilisateurs du site de nous faire part d&rsquo;\u00e9ventuelles omissions, erreurs, corrections, en adressant un courriel \u00e0 l&rsquo;adresse suivante : <a href=\"mailto:webmaster@iut-dijon.u-bourgogne.fr\" title=\"Webmaster@iut-dijon.u-bourgogne.fr\">webmaster@iut-dijon.u-bourgogne.fr<\/a><\/p>\n<h3 class=\"intertitre\">Droits d&rsquo;auteurs et copyright<\/h3>\n<p>L&rsquo;ensemble de ce site rel\u00e8ve de la l\u00e9gislation fran\u00e7aise et internationale sur le droit d&rsquo;auteur et la propri\u00e9t\u00e9 intellectuelle. Tous les droits de reproduction sont r\u00e9serv\u00e9s, y compris pour les documents t\u00e9l\u00e9chargeables et les repr\u00e9sentations iconographiques et photographiques.<br \/>\nLa reproduction de tout ou partie de ce site sur un support \u00e9lectronique quel qu&rsquo;il soit est formellement interdite sauf autorisation expresse du directeur de la publication.<\/p>\n<p><strong>Cr\u00e9dits photographiques<br \/>\n<\/strong>Universit\u00e9 de Bourgogne<br \/>\nThomas Hazebrouck \/ Vincent Arbelet \/ Alexis Chaizi\u00e8re<\/p>\n<p><strong>Modification de la notice l\u00e9gale<br \/>\n<\/strong>L&rsquo;uB se r\u00e9serve le droit de modifier la pr\u00e9sente notice \u00e0 tout moment. L&rsquo;utilisateur s&rsquo;engage donc \u00e0 la consulter r\u00e9guli\u00e8rement.<\/p>\n<p><strong>Droit applicable en cas de litige<\/strong><br \/>\nLe droit applicable est le droit fran\u00e7ais.<\/p>\n<p><strong>Attribution de juridiction<\/strong><br \/>\nPour tout litige, il est fait attribution exclusive de juridiction aux tribunaux comp\u00e9tents de DIJON (France).<\/p>\n<\/div>\n<\/div>\n<\/div>\n<\/div>\n<\/div>\n<\/section>\n<p><style type=\"text\/css\"><\/style>\n<\/p>\n<p>\n<\/div><\/div><\/div><\/div><\/div><\/section>\n","protected":false},"excerpt":{"rendered":"<p>&hellip;<\/p>\n","protected":false},"author":16,"featured_media":0,"parent":0,"menu_order":13,"comment_status":"closed","ping_status":"closed","template":"","meta":{"_lmt_disableupdate":"no","_lmt_disable":""},"categories":[336],"tags":[],"acf":[],"yoast_head":"<!-- This site is optimized with the Yoast SEO plugin v17.2 - https:\/\/yoast.com\/wordpress\/plugins\/seo\/ -->\n<meta name=\"robots\" content=\"index, follow, max-snippet:-1, max-image-preview:large, max-video-preview:-1\" \/>\n<link rel=\"canonical\" href=\"https:\/\/iutdijon.u-bourgogne.fr\/www\/mentions-legales\" \/>\n<meta property=\"og:locale\" content=\"fr_FR\" \/>\n<meta property=\"og:type\" content=\"article\" \/>\n<meta property=\"og:title\" content=\"Mentions l\u00e9gales &gt; IUT Dijon-Auxerre-Nevers\" \/>\n<meta property=\"og:description\" content=\"Le pr\u00e9sent site est la propri\u00e9t\u00e9 de l&rsquo;IUT de Dijon\/Auxerre. Le directeur de la publication du site Internet est le Direction de l&rsquo;IUT de Dijon\/Auxerre. Conception \/ contenus Conseil, \u00e9laboration, cr\u00e9ation graphique,&hellip;\" \/>\n<meta property=\"og:url\" content=\"https:\/\/iutdijon.u-bourgogne.fr\/www\/mentions-legales\" \/>\n<meta property=\"og:site_name\" content=\"IUT Dijon-Auxerre-Nevers\" \/>\n<meta property=\"article:modified_time\" content=\"2026-02-10T10:05:09+00:00\" \/>\n<meta name=\"twitter:card\" content=\"summary_large_image\" \/>\n<meta name=\"twitter:label1\" content=\"Dur\u00e9e de lecture est.\" \/>\n\t<meta name=\"twitter:data1\" content=\"6 minutes\" \/>\n<script type=\"application\/ld+json\" class=\"yoast-schema-graph\">{\"@context\":\"https:\/\/schema.org\",\"@graph\":[{\"@type\":\"WebSite\",\"@id\":\"https:\/\/iutdijon.u-bourgogne.fr\/www\/#website\",\"url\":\"https:\/\/iutdijon.u-bourgogne.fr\/www\/\",\"name\":\"IUT Dijon-Auxerre-Nevers\",\"description\":\"L&#039;IUT Dijon-Auxerre-Nevers propose des formations post-bac dans les secteurs Informatique, Tertiaire et Industriel. Il d\\u00e9livre des dipl\\u00f4mes \\u00e0 Bac+3 (Bachelors Universitaires de Technologie ou Licences Professionnelles).\",\"potentialAction\":[{\"@type\":\"SearchAction\",\"target\":{\"@type\":\"EntryPoint\",\"urlTemplate\":\"https:\/\/iutdijon.u-bourgogne.fr\/www\/?s={search_term_string}\"},\"query-input\":\"required name=search_term_string\"}],\"inLanguage\":\"fr-FR\"},{\"@type\":\"WebPage\",\"@id\":\"https:\/\/iutdijon.u-bourgogne.fr\/www\/mentions-legales#webpage\",\"url\":\"https:\/\/iutdijon.u-bourgogne.fr\/www\/mentions-legales\",\"name\":\"Mentions l\\u00e9gales &gt; IUT Dijon-Auxerre-Nevers\",\"isPartOf\":{\"@id\":\"https:\/\/iutdijon.u-bourgogne.fr\/www\/#website\"},\"datePublished\":\"2018-12-07T13:50:35+00:00\",\"dateModified\":\"2026-02-10T10:05:09+00:00\",\"breadcrumb\":{\"@id\":\"https:\/\/iutdijon.u-bourgogne.fr\/www\/mentions-legales#breadcrumb\"},\"inLanguage\":\"fr-FR\",\"potentialAction\":[{\"@type\":\"ReadAction\",\"target\":[\"https:\/\/iutdijon.u-bourgogne.fr\/www\/mentions-legales\"]}]},{\"@type\":\"BreadcrumbList\",\"@id\":\"https:\/\/iutdijon.u-bourgogne.fr\/www\/mentions-legales#breadcrumb\",\"itemListElement\":[{\"@type\":\"ListItem\",\"position\":1,\"name\":\"Accueil\",\"item\":\"https:\/\/iutdijon.u-bourgogne.fr\/www\/\"},{\"@type\":\"ListItem\",\"position\":2,\"name\":\"Non cat\\u00e9goris\\u00e9\",\"item\":\"https:\/\/iutdijon.u-bourgogne.fr\/www\/category\/non-categorise\"},{\"@type\":\"ListItem\",\"position\":3,\"name\":\"Mentions l\\u00e9gales\"}]}]}<\/script>\n<!-- \/ Yoast SEO plugin. -->","yoast_head_json":{"robots":{"index":"index","follow":"follow","max-snippet":"max-snippet:-1","max-image-preview":"max-image-preview:large","max-video-preview":"max-video-preview:-1"},"canonical":"https:\/\/iutdijon.u-bourgogne.fr\/www\/mentions-legales","og_locale":"fr_FR","og_type":"article","og_title":"Mentions l\u00e9gales &gt; IUT Dijon-Auxerre-Nevers","og_description":"Le pr\u00e9sent site est la propri\u00e9t\u00e9 de l&rsquo;IUT de Dijon\/Auxerre. Le directeur de la publication du site Internet est le Direction de l&rsquo;IUT de Dijon\/Auxerre. Conception \/ contenus Conseil, \u00e9laboration, cr\u00e9ation graphique,&hellip;","og_url":"https:\/\/iutdijon.u-bourgogne.fr\/www\/mentions-legales","og_site_name":"IUT Dijon-Auxerre-Nevers","article_modified_time":"2026-02-10T10:05:09+00:00","twitter_card":"summary_large_image","twitter_misc":{"Dur\u00e9e de lecture est.":"6 minutes"},"schema":{"@context":"https:\/\/schema.org","@graph":[{"@type":"WebSite","@id":"https:\/\/iutdijon.u-bourgogne.fr\/www\/#website","url":"https:\/\/iutdijon.u-bourgogne.fr\/www\/","name":"IUT Dijon-Auxerre-Nevers","description":"L&#039;IUT Dijon-Auxerre-Nevers propose des formations post-bac dans les secteurs Informatique, Tertiaire et Industriel. Il d\u00e9livre des dipl\u00f4mes \u00e0 Bac+3 (Bachelors Universitaires de Technologie ou Licences Professionnelles).","potentialAction":[{"@type":"SearchAction","target":{"@type":"EntryPoint","urlTemplate":"https:\/\/iutdijon.u-bourgogne.fr\/www\/?s={search_term_string}"},"query-input":"required name=search_term_string"}],"inLanguage":"fr-FR"},{"@type":"WebPage","@id":"https:\/\/iutdijon.u-bourgogne.fr\/www\/mentions-legales#webpage","url":"https:\/\/iutdijon.u-bourgogne.fr\/www\/mentions-legales","name":"Mentions l\u00e9gales &gt; IUT Dijon-Auxerre-Nevers","isPartOf":{"@id":"https:\/\/iutdijon.u-bourgogne.fr\/www\/#website"},"datePublished":"2018-12-07T13:50:35+00:00","dateModified":"2026-02-10T10:05:09+00:00","breadcrumb":{"@id":"https:\/\/iutdijon.u-bourgogne.fr\/www\/mentions-legales#breadcrumb"},"inLanguage":"fr-FR","potentialAction":[{"@type":"ReadAction","target":["https:\/\/iutdijon.u-bourgogne.fr\/www\/mentions-legales"]}]},{"@type":"BreadcrumbList","@id":"https:\/\/iutdijon.u-bourgogne.fr\/www\/mentions-legales#breadcrumb","itemListElement":[{"@type":"ListItem","position":1,"name":"Accueil","item":"https:\/\/iutdijon.u-bourgogne.fr\/www\/"},{"@type":"ListItem","position":2,"name":"Non cat\u00e9goris\u00e9","item":"https:\/\/iutdijon.u-bourgogne.fr\/www\/category\/non-categorise"},{"@type":"ListItem","position":3,"name":"Mentions l\u00e9gales"}]}]}},"_links":{"self":[{"href":"https:\/\/iutdijon.u-bourgogne.fr\/www\/wp-json\/wp\/v2\/pages\/34"}],"collection":[{"href":"https:\/\/iutdijon.u-bourgogne.fr\/www\/wp-json\/wp\/v2\/pages"}],"about":[{"href":"https:\/\/iutdijon.u-bourgogne.fr\/www\/wp-json\/wp\/v2\/types\/page"}],"author":[{"embeddable":true,"href":"https:\/\/iutdijon.u-bourgogne.fr\/www\/wp-json\/wp\/v2\/users\/16"}],"replies":[{"embeddable":true,"href":"https:\/\/iutdijon.u-bourgogne.fr\/www\/wp-json\/wp\/v2\/comments?post=34"}],"version-history":[{"count":11,"href":"https:\/\/iutdijon.u-bourgogne.fr\/www\/wp-json\/wp\/v2\/pages\/34\/revisions"}],"predecessor-version":[{"id":15153,"href":"https:\/\/iutdijon.u-bourgogne.fr\/www\/wp-json\/wp\/v2\/pages\/34\/revisions\/15153"}],"wp:attachment":[{"href":"https:\/\/iutdijon.u-bourgogne.fr\/www\/wp-json\/wp\/v2\/media?parent=34"}],"wp:term":[{"taxonomy":"category","embeddable":true,"href":"https:\/\/iutdijon.u-bourgogne.fr\/www\/wp-json\/wp\/v2\/categories?post=34"},{"taxonomy":"post_tag","embeddable":true,"href":"https:\/\/iutdijon.u-bourgogne.fr\/www\/wp-json\/wp\/v2\/tags?post=34"}],"curies":[{"name":"wp","href":"https:\/\/api.w.org\/{rel}","templated":true}]}}