{"id":2945,"date":"2020-07-17T15:19:17","date_gmt":"2020-07-17T13:19:17","guid":{"rendered":"https:\/\/iutdijon.u-bourgogne.fr\/www\/?page_id=2945"},"modified":"2025-03-19T16:27:31","modified_gmt":"2025-03-19T15:27:31","slug":"formations-lps","status":"publish","type":"page","link":"https:\/\/iutdijon.u-bourgogne.fr\/www\/formations-lps","title":{"rendered":"Licences professionnelles"},"content":{"rendered":"<section class=\"kc-elm kc-css-760541 kc_row\"><div class=\"kc-row-container  kc-container\"><div class=\"kc-wrap-columns\"><div class=\"kc-elm kc-css-694356 kc_col-sm-8 kc_column kc_col-sm-8\"><div class=\"kc-col-container\"><div class=\"kc-elm kc-css-386973 kc_text_block\"><\/p>\n<p>La licence professionnelle est un dipl\u00f4me de niveau bac +3 permettant une insertion directe dans le monde du travail. L&rsquo;ensemble des licences pro de l&rsquo;\u00e9tablissement est accessible en alternance.\u00a0<\/p>\n<p>\n<\/div><div class=\"kc-elm kc-css-69698\" style=\"height: 20px; clear: both; width:100%;\"><\/div>\r\n\r\n\r\n<div class=\"kc-elm kc-css-678230 kc-blog-posts kc-blog-posts-1 kc-image-align-both\">\r\n\r\n\r\n    \r\n        <div class=\"button-group filters-button-group\"><span id=\"titreFiltre\">Filtrez<\/span>\r\n\t<button class=\"toutafficher button is-checked\" data-filter=\"*\">Tout afficher<\/button>\r\n\t<div class=\"clear\"><\/div><button class=\"button\" data-filter=\".archives\">Archives<\/button><button class=\"button\" data-filter=\".informatique-reseaux\">Informatique - r\u00e9seaux<\/button><button class=\"button\" data-filter=\".commerce-gestion-communication\">Commerce - Gestion - Communication<\/button><button class=\"button\" data-filter=\".amenagement-paysager\">Am\u00e9nagement paysager<\/button><button class=\"button\" data-filter=\".batiment-travaux-publics\">B\u00e2timent - Travaux publics<\/button><button class=\"button\" data-filter=\".mecanique-production\">M\u00e9canique - Production<\/button><button class=\"button\" data-filter=\".qualite-environnement\">Qualit\u00e9 - Environnement<\/button><\/div><div id=\"sorts\" class=\"button-group filters-button\"style=\"display:none\"><span id=\"titreFiltre\">Ordre<\/span>\r\n    <button class=\"button is-checked\" data-sort-by=\"category\">Par cat\u00e9gorie<\/button>\r\n\t<button class=\"button\" data-sort-by=\"name\">Par ordre alphab\u00e9tique<\/button>\r\n  <button class=\"button\" data-sort-by=\"original-order\">Par date de publication<\/button>\r\n<\/div>                <div style=\"display:inline-flex; margin-bottom:-40px;\">\r\n                    <span style=\"margin-left:10px; margin-top:10px;\">Site(s)<\/span>\r\n                    <ul class=\"itemTags\" id=\"legende\" style=\"margin-left:20px; font-weight:bold;\">\r\n\r\n                        <li class=\"tooltiped Dijon\"><span > Dj <\/span><\/li>\r\n                        <li>Dijon<\/li>\r\n                        <li class=\"tooltiped Auxerre\"><span> Ax <\/span><\/li>\r\n                        <li>Auxerre<\/li>\r\n                        <li class=\"tooltiped Nevers\"><span> Nv <\/span><\/li>\r\n                        <li>Nevers<\/li>\r\n                        <li class=\"tooltiped Macon\"><span> Mc <\/span><\/li>\r\n                        <li>M\u00e2con<\/li>\r\n                        <li class=\"tooltiped Sens\"><span> Sn <\/span><\/li>\r\n                        <li>Sens<\/li>\r\n                        <li class=\"tooltiped Tournus\"><span> Tn <\/span><\/li>\r\n                        <li>Tournus<\/li>\r\n                    <\/ul>\r\n                <\/div>\r\n\r\n                <div class=\"tuiles grid  colonnes-2\"><div style=\"background: rgba(176, 169, 134, .2);\" class=\"post-grid element-item grid-2 element-item archives \" name=\"Licence pro Archives et Patrimoines Industriels, Culturels et Administratifs (APICA)\" data-category=\"archives \"  >\r\n                                        <div class=\"bouttonFiltrePopupPerso\">\r\n\r\n\r\n                        <a  href=\"https:\/\/iutdijon.u-bourgogne.fr\/www\/formations\/lps\/lp-apica.html\" >Licence pro Archives et Patrimoines Industriels, Culturels et Administratifs (APICA)\r\n                        <\/a>\r\n\r\n                                                    <div>\r\n                                <ul class=\"itemTags\">\r\n                                                                                    <li class=\"tooltiped Dijon\" data-tooltip=\"Dijon\">Dj<\/li>\r\n                                                                                <\/ul>\r\n                            <\/div>\r\n                                            <\/div>\r\n\r\n                <\/div>\r\n\r\n                <div style=\"background: rgba(176, 169, 134, .2);\" class=\"post-grid element-item grid-2 element-item informatique-reseaux \" name=\"Licence pro Cybers\u00e9curit\u00e9\" data-category=\"informatique-reseaux \"  >\r\n                                        <div class=\"bouttonFiltrePopupPerso\">\r\n\r\n\r\n                        <a  href=\"https:\/\/iutdijon.u-bourgogne.fr\/www\/formations\/lps\/lp-cybersecurite.html\" >Licence pro Cybers\u00e9curit\u00e9\r\n                        <\/a>\r\n\r\n                                                    <div>\r\n                                <ul class=\"itemTags\">\r\n                                                                                    <li class=\"tooltiped Auxerre\" data-tooltip=\"Auxerre\">Ax<\/li>\r\n                                                                                <\/ul>\r\n                            <\/div>\r\n                                            <\/div>\r\n\r\n                <\/div>\r\n\r\n                <div style=\"background: rgba(176, 169, 134, .2);\" class=\"post-grid element-item grid-2 element-item commerce-gestion-communication \" name=\"Licence pro Gestion de la Paie et du Social (GPS)\" data-category=\"commerce-gestion-communication \"  >\r\n                                        <div class=\"bouttonFiltrePopupPerso\">\r\n\r\n\r\n                        <a  href=\"https:\/\/iutdijon.u-bourgogne.fr\/www\/formations\/lps\/lp-gps.html\" >Licence pro Gestion de la Paie et du Social (GPS)\r\n                        <\/a>\r\n\r\n                                                    <div>\r\n                                <ul class=\"itemTags\">\r\n                                                                                    <li class=\"tooltiped Dijon\" data-tooltip=\"Dijon\">Dj<\/li>\r\n                                                                                <\/ul>\r\n                            <\/div>\r\n                                            <\/div>\r\n\r\n                <\/div>\r\n\r\n                <div style=\"background: rgba(176, 169, 134, .2);\" class=\"post-grid element-item grid-2 element-item amenagement-paysager batiment-travaux-publics informatique-reseaux \" name=\"Licence pro Gestion de Projet Paysager (AP-GPP)\" data-category=\"amenagement-paysager batiment-travaux-publics informatique-reseaux \"  >\r\n                                        <div class=\"bouttonFiltrePopupPerso\">\r\n\r\n\r\n                        <a  href=\"https:\/\/iutdijon.u-bourgogne.fr\/www\/formations\/lps\/lp-ap-gpp.html\" >Licence pro Gestion de Projet Paysager (AP-GPP)\r\n                        <\/a>\r\n\r\n                                                    <div>\r\n                                <ul class=\"itemTags\">\r\n                                                                                    <li class=\"tooltiped Dijon\" data-tooltip=\"Dijon\">Dj<\/li>\r\n                                                                                                <li class=\"tooltiped Tournus\" data-tooltip=\"Tournus\">Tn<\/li>\r\n                                                                                <\/ul>\r\n                            <\/div>\r\n                                            <\/div>\r\n\r\n                <\/div>\r\n\r\n                <div style=\"background: rgba(176, 169, 134, .2);\" class=\"post-grid element-item grid-2 element-item informatique-reseaux \" name=\"Licence pro Gestionnaire de Syst\u00e8me Informatique d&rsquo;Entreprise (GSIE)\" data-category=\"informatique-reseaux \"  >\r\n                                        <div class=\"bouttonFiltrePopupPerso\">\r\n\r\n\r\n                        <a  href=\"https:\/\/iutdijon.u-bourgogne.fr\/www\/formations\/lps\/lp-gsie.html\" >Licence pro Gestionnaire de Syst\u00e8me Informatique d&rsquo;Entreprise (GSIE)\r\n                        <\/a>\r\n\r\n                                                    <div>\r\n                                <ul class=\"itemTags\">\r\n                                                                                    <li class=\"tooltiped Auxerre\" data-tooltip=\"Auxerre\">Ax<\/li>\r\n                                                                                <\/ul>\r\n                            <\/div>\r\n                                            <\/div>\r\n\r\n                <\/div>\r\n\r\n                <div style=\"background: rgba(176, 169, 134, .2);\" class=\"post-grid element-item grid-2 element-item amenagement-paysager batiment-travaux-publics informatique-reseaux \" name=\"Licence pro Infographie Paysag\u00e8re (AP-IP)\" data-category=\"amenagement-paysager batiment-travaux-publics informatique-reseaux \"  >\r\n                                        <div class=\"bouttonFiltrePopupPerso\">\r\n\r\n\r\n                        <a  href=\"https:\/\/iutdijon.u-bourgogne.fr\/www\/formations\/lps\/lp-ap-ip.html\" >Licence pro Infographie Paysag\u00e8re (AP-IP)\r\n                        <\/a>\r\n\r\n                                                    <div>\r\n                                <ul class=\"itemTags\">\r\n                                                                                    <li class=\"tooltiped Dijon\" data-tooltip=\"Dijon\">Dj<\/li>\r\n                                                                                                <li class=\"tooltiped Tournus\" data-tooltip=\"Tournus\">Tn<\/li>\r\n                                                                                <\/ul>\r\n                            <\/div>\r\n                                            <\/div>\r\n\r\n                <\/div>\r\n\r\n                <div style=\"background: rgba(176, 169, 134, .2);\" class=\"post-grid element-item grid-2 element-item commerce-gestion-communication \" name=\"Licence pro Management and International Business (MIB)\" data-category=\"commerce-gestion-communication \"  >\r\n                                        <div class=\"bouttonFiltrePopupPerso\">\r\n\r\n\r\n                        <a  href=\"https:\/\/iutdijon.u-bourgogne.fr\/www\/formations\/lps\/lp-mib.html\" >Licence pro Management and International Business (MIB)\r\n                        <\/a>\r\n\r\n                                                    <div>\r\n                                <ul class=\"itemTags\">\r\n                                                                                    <li class=\"tooltiped Macon\" data-tooltip=\"Macon\">Mc<\/li>\r\n                                                                                <\/ul>\r\n                            <\/div>\r\n                                            <\/div>\r\n\r\n                <\/div>\r\n\r\n                <div style=\"background: rgba(176, 169, 134, .2);\" class=\"post-grid element-item grid-2 element-item commerce-gestion-communication \" name=\"Licence pro Management des Activit\u00e9s COMmerciales (MACOM)\" data-category=\"commerce-gestion-communication \"  >\r\n                                        <div class=\"bouttonFiltrePopupPerso\">\r\n\r\n\r\n                        <a  href=\"https:\/\/iutdijon.u-bourgogne.fr\/www\/formations\/lps\/lp-macom.html\" >Licence pro Management des Activit\u00e9s COMmerciales (MACOM)\r\n                        <\/a>\r\n\r\n                                                    <div>\r\n                                <ul class=\"itemTags\">\r\n                                                                                    <li class=\"tooltiped Macon\" data-tooltip=\"Macon\">Mc<\/li>\r\n                                                                                <\/ul>\r\n                            <\/div>\r\n                                            <\/div>\r\n\r\n                <\/div>\r\n\r\n                <div style=\"background: rgba(176, 169, 134, .2);\" class=\"post-grid element-item grid-2 element-item batiment-travaux-publics commerce-gestion-communication informatique-reseaux mecanique-production \" name=\"Licence pro Manager Technico-commercial (MTC)\" data-category=\"batiment-travaux-publics commerce-gestion-communication informatique-reseaux mecanique-production \"  >\r\n                                        <div class=\"bouttonFiltrePopupPerso\">\r\n\r\n\r\n                        <a  href=\"https:\/\/iutdijon.u-bourgogne.fr\/www\/formations\/lps\/lp-mtc.html\" >Licence pro Manager Technico-commercial (MTC)\r\n                        <\/a>\r\n\r\n                                                    <div>\r\n                                <ul class=\"itemTags\">\r\n                                                                                    <li class=\"tooltiped Auxerre\" data-tooltip=\"Auxerre\">Ax<\/li>\r\n                                                                                                <li class=\"tooltiped Macon\" data-tooltip=\"Macon\">Mc<\/li>\r\n                                                                                <\/ul>\r\n                            <\/div>\r\n                                            <\/div>\r\n\r\n                <\/div>\r\n\r\n                <div style=\"background: rgba(176, 169, 134, .2);\" class=\"post-grid element-item grid-2 element-item commerce-gestion-communication \" name=\"Licence pro M\u00e9tiers de la GRH : assistant (GRH)\" data-category=\"commerce-gestion-communication \"  >\r\n                                        <div class=\"bouttonFiltrePopupPerso\">\r\n\r\n\r\n                        <a  href=\"https:\/\/iutdijon.u-bourgogne.fr\/www\/formations\/lps\/lp-grh.html\" >Licence pro M\u00e9tiers de la GRH : assistant (GRH)\r\n                        <\/a>\r\n\r\n                                                    <div>\r\n                                <ul class=\"itemTags\">\r\n                                                                                    <li class=\"tooltiped Auxerre\" data-tooltip=\"Auxerre\">Ax<\/li>\r\n                                                                                <\/ul>\r\n                            <\/div>\r\n                                            <\/div>\r\n\r\n                <\/div>\r\n\r\n                <div style=\"background: rgba(176, 169, 134, .2);\" class=\"post-grid element-item grid-2 element-item batiment-travaux-publics qualite-environnement \" name=\"Licence pro Qualit\u00e9, Hygi\u00e8ne, S\u00e9curit\u00e9, Sant\u00e9 et Environnement (QHSSE)\" data-category=\"batiment-travaux-publics qualite-environnement \"  >\r\n                                        <div class=\"bouttonFiltrePopupPerso\">\r\n\r\n\r\n                        <a  href=\"https:\/\/iutdijon.u-bourgogne.fr\/www\/formations\/lps\/lp-qhsse.html\" >Licence pro Qualit\u00e9, Hygi\u00e8ne, S\u00e9curit\u00e9, Sant\u00e9 et Environnement (QHSSE)\r\n                        <\/a>\r\n\r\n                                                    <div>\r\n                                <ul class=\"itemTags\">\r\n                                                                                    <li class=\"tooltiped Auxerre\" data-tooltip=\"Auxerre\">Ax<\/li>\r\n                                                                                <\/ul>\r\n                            <\/div>\r\n                                            <\/div>\r\n\r\n                <\/div>\r\n\r\n                <\/div>\r\n\r\n<\/div>\r\n\r\n<div class=\"kc-elm kc-css-399915\" style=\"height: 20px; clear: both; width:100%;\"><\/div><\/div><\/div><div id=\"gk-sidebar\" class=\"kc-elm kc-css-466809 kc_col-sm-5 kc_column kc_col-sm-5\"><div class=\"kc-col-container\">\n<div class=\"kc-elm kc-css-67694 kc-pro-button kc-button-1\">\n\t<a href=\"https:\/\/iutdijon.u-bourgogne.fr\/www\/scolarite\/candidatures.html#tab_b-u-t-3-licence-professionnelle\">\n\t\t<span class=\"creative_title\">Candidater en licence professionnelle<\/span>\t<\/a>\n<\/div>\n<div class=\"kc-elm kc-css-556731\" style=\"height: 20px; clear: both; width:100%;\"><\/div><div class=\"kc-elm kc-css-81440 kc_text_block infosPratiques\"><\/p>\n<h3>En savoir plus<\/h3>\n<ul>\n<li><a href=\"https:\/\/iutdijon.u-bourgogne.fr\/www\/formations\/se-former-en-alternance.html\" title=\"L\u2019alternance \u00e0 L\u2019IUT\" rel=\"\">L&rsquo;alternance \u00e0 l&rsquo;IUT<\/a><\/li>\n<li><a href=\"https:\/\/iutdijon.u-bourgogne.fr\/www\/scolarite\/organismes-referents-contrats-alternance.html\" title=\"Site : liste des organismes r\u00e9f\u00e9rents pour la gestion des contrats\">Liste des organismes r\u00e9f\u00e9rents pour la gestion des contrats<\/a><\/li>\n<\/ul>\n<p>\n<\/div><\/div><\/div><\/div><\/div><\/section>\n","protected":false},"excerpt":{"rendered":"<p>&hellip;<\/p>\n","protected":false},"author":16,"featured_media":0,"parent":0,"menu_order":0,"comment_status":"closed","ping_status":"closed","template":"","meta":{"_lmt_disableupdate":"no","_lmt_disable":""},"categories":[692],"tags":[],"acf":[],"yoast_head":"<!-- This site is optimized with the Yoast SEO plugin v17.2 - https:\/\/yoast.com\/wordpress\/plugins\/seo\/ -->\n<meta name=\"description\" content=\"L&#039;IUT de Dijon-Auxerre vous propose plus de 25 parcours de licences professionnelles accessibles en alternance.\" \/>\n<meta name=\"robots\" content=\"index, follow, max-snippet:-1, max-image-preview:large, max-video-preview:-1\" \/>\n<link rel=\"canonical\" href=\"https:\/\/iutdijon.u-bourgogne.fr\/www\/formations-lps\" \/>\n<meta property=\"og:locale\" content=\"fr_FR\" \/>\n<meta property=\"og:type\" content=\"article\" \/>\n<meta property=\"og:title\" content=\"Licences professionnelles &gt; IUT Dijon-Auxerre-Nevers\" \/>\n<meta property=\"og:description\" content=\"L&#039;IUT de Dijon-Auxerre vous propose plus de 25 parcours de licences professionnelles accessibles en alternance.\" \/>\n<meta property=\"og:url\" content=\"https:\/\/iutdijon.u-bourgogne.fr\/www\/formations-lps\" \/>\n<meta property=\"og:site_name\" content=\"IUT Dijon-Auxerre-Nevers\" \/>\n<meta property=\"article:modified_time\" content=\"2025-03-19T15:27:31+00:00\" \/>\n<meta name=\"twitter:card\" content=\"summary_large_image\" \/>\n<meta name=\"twitter:label1\" content=\"Dur\u00e9e de lecture est.\" \/>\n\t<meta name=\"twitter:data1\" content=\"1 minute\" \/>\n<script type=\"application\/ld+json\" class=\"yoast-schema-graph\">{\"@context\":\"https:\/\/schema.org\",\"@graph\":[{\"@type\":\"WebSite\",\"@id\":\"https:\/\/iutdijon.u-bourgogne.fr\/www\/#website\",\"url\":\"https:\/\/iutdijon.u-bourgogne.fr\/www\/\",\"name\":\"IUT Dijon-Auxerre-Nevers\",\"description\":\"L&#039;IUT Dijon-Auxerre-Nevers propose des formations post-bac dans les secteurs Informatique, Tertiaire et Industriel. Il d\\u00e9livre des dipl\\u00f4mes \\u00e0 Bac+3 (Bachelors Universitaires de Technologie ou Licences Professionnelles).\",\"potentialAction\":[{\"@type\":\"SearchAction\",\"target\":{\"@type\":\"EntryPoint\",\"urlTemplate\":\"https:\/\/iutdijon.u-bourgogne.fr\/www\/?s={search_term_string}\"},\"query-input\":\"required name=search_term_string\"}],\"inLanguage\":\"fr-FR\"},{\"@type\":\"WebPage\",\"@id\":\"https:\/\/iutdijon.u-bourgogne.fr\/www\/formations-lps#webpage\",\"url\":\"https:\/\/iutdijon.u-bourgogne.fr\/www\/formations-lps\",\"name\":\"Licences professionnelles &gt; IUT Dijon-Auxerre-Nevers\",\"isPartOf\":{\"@id\":\"https:\/\/iutdijon.u-bourgogne.fr\/www\/#website\"},\"datePublished\":\"2020-07-17T13:19:17+00:00\",\"dateModified\":\"2025-03-19T15:27:31+00:00\",\"description\":\"L'IUT de Dijon-Auxerre vous propose plus de 25 parcours de licences professionnelles accessibles en alternance.\",\"breadcrumb\":{\"@id\":\"https:\/\/iutdijon.u-bourgogne.fr\/www\/formations-lps#breadcrumb\"},\"inLanguage\":\"fr-FR\",\"potentialAction\":[{\"@type\":\"ReadAction\",\"target\":[\"https:\/\/iutdijon.u-bourgogne.fr\/www\/formations-lps\"]}]},{\"@type\":\"BreadcrumbList\",\"@id\":\"https:\/\/iutdijon.u-bourgogne.fr\/www\/formations-lps#breadcrumb\",\"itemListElement\":[{\"@type\":\"ListItem\",\"position\":1,\"name\":\"Accueil\",\"item\":\"https:\/\/iutdijon.u-bourgogne.fr\/www\/\"},{\"@type\":\"ListItem\",\"position\":2,\"name\":\"Formations\",\"item\":\"https:\/\/iutdijon.u-bourgogne.fr\/www\/category\/formations\"},{\"@type\":\"ListItem\",\"position\":3,\"name\":\"Licences professionnelles\"}]}]}<\/script>\n<!-- \/ Yoast SEO plugin. -->","yoast_head_json":{"description":"L'IUT de Dijon-Auxerre vous propose plus de 25 parcours de licences professionnelles accessibles en alternance.","robots":{"index":"index","follow":"follow","max-snippet":"max-snippet:-1","max-image-preview":"max-image-preview:large","max-video-preview":"max-video-preview:-1"},"canonical":"https:\/\/iutdijon.u-bourgogne.fr\/www\/formations-lps","og_locale":"fr_FR","og_type":"article","og_title":"Licences professionnelles &gt; IUT Dijon-Auxerre-Nevers","og_description":"L'IUT de Dijon-Auxerre vous propose plus de 25 parcours de licences professionnelles accessibles en alternance.","og_url":"https:\/\/iutdijon.u-bourgogne.fr\/www\/formations-lps","og_site_name":"IUT Dijon-Auxerre-Nevers","article_modified_time":"2025-03-19T15:27:31+00:00","twitter_card":"summary_large_image","twitter_misc":{"Dur\u00e9e de lecture est.":"1 minute"},"schema":{"@context":"https:\/\/schema.org","@graph":[{"@type":"WebSite","@id":"https:\/\/iutdijon.u-bourgogne.fr\/www\/#website","url":"https:\/\/iutdijon.u-bourgogne.fr\/www\/","name":"IUT Dijon-Auxerre-Nevers","description":"L&#039;IUT Dijon-Auxerre-Nevers propose des formations post-bac dans les secteurs Informatique, Tertiaire et Industriel. Il d\u00e9livre des dipl\u00f4mes \u00e0 Bac+3 (Bachelors Universitaires de Technologie ou Licences Professionnelles).","potentialAction":[{"@type":"SearchAction","target":{"@type":"EntryPoint","urlTemplate":"https:\/\/iutdijon.u-bourgogne.fr\/www\/?s={search_term_string}"},"query-input":"required name=search_term_string"}],"inLanguage":"fr-FR"},{"@type":"WebPage","@id":"https:\/\/iutdijon.u-bourgogne.fr\/www\/formations-lps#webpage","url":"https:\/\/iutdijon.u-bourgogne.fr\/www\/formations-lps","name":"Licences professionnelles &gt; IUT Dijon-Auxerre-Nevers","isPartOf":{"@id":"https:\/\/iutdijon.u-bourgogne.fr\/www\/#website"},"datePublished":"2020-07-17T13:19:17+00:00","dateModified":"2025-03-19T15:27:31+00:00","description":"L'IUT de Dijon-Auxerre vous propose plus de 25 parcours de licences professionnelles accessibles en alternance.","breadcrumb":{"@id":"https:\/\/iutdijon.u-bourgogne.fr\/www\/formations-lps#breadcrumb"},"inLanguage":"fr-FR","potentialAction":[{"@type":"ReadAction","target":["https:\/\/iutdijon.u-bourgogne.fr\/www\/formations-lps"]}]},{"@type":"BreadcrumbList","@id":"https:\/\/iutdijon.u-bourgogne.fr\/www\/formations-lps#breadcrumb","itemListElement":[{"@type":"ListItem","position":1,"name":"Accueil","item":"https:\/\/iutdijon.u-bourgogne.fr\/www\/"},{"@type":"ListItem","position":2,"name":"Formations","item":"https:\/\/iutdijon.u-bourgogne.fr\/www\/category\/formations"},{"@type":"ListItem","position":3,"name":"Licences professionnelles"}]}]}},"_links":{"self":[{"href":"https:\/\/iutdijon.u-bourgogne.fr\/www\/wp-json\/wp\/v2\/pages\/2945"}],"collection":[{"href":"https:\/\/iutdijon.u-bourgogne.fr\/www\/wp-json\/wp\/v2\/pages"}],"about":[{"href":"https:\/\/iutdijon.u-bourgogne.fr\/www\/wp-json\/wp\/v2\/types\/page"}],"author":[{"embeddable":true,"href":"https:\/\/iutdijon.u-bourgogne.fr\/www\/wp-json\/wp\/v2\/users\/16"}],"replies":[{"embeddable":true,"href":"https:\/\/iutdijon.u-bourgogne.fr\/www\/wp-json\/wp\/v2\/comments?post=2945"}],"version-history":[{"count":82,"href":"https:\/\/iutdijon.u-bourgogne.fr\/www\/wp-json\/wp\/v2\/pages\/2945\/revisions"}],"predecessor-version":[{"id":14426,"href":"https:\/\/iutdijon.u-bourgogne.fr\/www\/wp-json\/wp\/v2\/pages\/2945\/revisions\/14426"}],"wp:attachment":[{"href":"https:\/\/iutdijon.u-bourgogne.fr\/www\/wp-json\/wp\/v2\/media?parent=2945"}],"wp:term":[{"taxonomy":"category","embeddable":true,"href":"https:\/\/iutdijon.u-bourgogne.fr\/www\/wp-json\/wp\/v2\/categories?post=2945"},{"taxonomy":"post_tag","embeddable":true,"href":"https:\/\/iutdijon.u-bourgogne.fr\/www\/wp-json\/wp\/v2\/tags?post=2945"}],"curies":[{"name":"wp","href":"https:\/\/api.w.org\/{rel}","templated":true}]}}