{"id":2629,"date":"2020-07-07T14:27:57","date_gmt":"2020-07-07T12:27:57","guid":{"rendered":"https:\/\/iutdijon.u-bourgogne.fr\/www\/?p=2629"},"modified":"2026-03-31T15:01:56","modified_gmt":"2026-03-31T13:01:56","slug":"scolarite","status":"publish","type":"page","link":"https:\/\/iutdijon.u-bourgogne.fr\/www\/scolarite","title":{"rendered":"Scolarit\u00e9"},"content":{"rendered":"<section class=\"kc-elm kc-css-736980 kc_row\"><div class=\"kc-row-container  kc-container  big-icons\"><div class=\"kc-wrap-columns\"><div id=\"gk-sidebar\" class=\"kc-elm kc-css-701571 kc_col-sm-8 kc_column kc_col-sm-8\"><div class=\"kc-col-container\"><div class=\"kc-elm kc-css-498823 kc_text_block infosPratiques\"><\/p>\n<h3>Horaires d&rsquo;ouverture<o:p><\/o:p><\/h3>\n<p><span>Situ\u00e9 dans le b\u00e2timent central de l&rsquo;IUT de Dijon, le Service de la Scolarit\u00e9 vous accueille :<\/span><\/p>\n<p><em><strong>Le bureau de la\u00a0 scolarit\u00e9 sera ferm\u00e9 du lundi 06 avril au vendredi 10 avril 2026 inclus pour les cong\u00e9s de printemps.<\/strong><\/em><\/p>\n<p><span><\/span>Matin : du lundi au vendredi de 8h30 \u00e0 12h15 (except\u00e9 le mercredi matin).<br \/>\nApr\u00e8s-midi : du lundi au vendredi de 13h30 \u00e0 16h30.<o:p><\/o:p><\/p>\n<p>\n<\/div><div class=\"kc-elm kc-css-535204 kc_row kc_row_inner\"><div class=\"kc-elm kc-css-886083 kc_col-sm-6 kc_column_inner kc_col-sm-6\"><div class=\"kc_wrapper kc-col-inner-container\"><div class=\"kc-elm kc-css-988770 kc_shortcode kc_single_image\">\r\n\r\n        <a  href=\"https:\/\/iutdijon.u-bourgogne.fr\/www\/scolarite\/candidatures.html\" title=\"Candidater \u00e0 l\u2019IUT\" target=\"_self\">\r\n        <img src=\"https:\/\/iutdijon.u-bourgogne.fr\/www\/wp-content\/uploads\/2020\/07\/Candidatures.jpg\" class=\"\" alt=\"\" \/>\t\t\t    <span>Candidatures<\/span>\r\n\t        <\/a>\r\n    <\/div>\r\n<\/div><\/div><div class=\"kc-elm kc-css-861711 kc_col-sm-6 kc_column_inner kc_col-sm-6\"><div class=\"kc_wrapper kc-col-inner-container\"><div class=\"kc-elm kc-css-281999 kc_shortcode kc_single_image\">\r\n\r\n        <a  href=\"https:\/\/iutdijon.u-bourgogne.fr\/www\/scolarite\/calendriers.html\" title=\"Calendriers\" target=\"_self\">\r\n        <img src=\"https:\/\/iutdijon.u-bourgogne.fr\/www\/wp-content\/uploads\/2020\/07\/Calendrier.jpg\" class=\"\" alt=\"\" \/>\t\t\t    <span>Calendriers<\/span>\r\n\t        <\/a>\r\n    <\/div>\r\n<\/div><\/div><\/div><div class=\"kc-elm kc-css-129348 kc_row kc_row_inner\"><div class=\"kc-elm kc-css-793729 kc_col-sm-6 kc_column_inner kc_col-sm-6\"><div class=\"kc_wrapper kc-col-inner-container\"><div class=\"kc-elm kc-css-860313 kc_shortcode kc_single_image\">\r\n\r\n        <a  href=\"https:\/\/iutdijon.u-bourgogne.fr\/www\/scolarite\/retirer-son-diplome.html\" title=\"Retirer son dipl\u00f4me\" target=\"_self\">\r\n        <img src=\"https:\/\/iutdijon.u-bourgogne.fr\/www\/wp-content\/uploads\/2021\/02\/actu_diplomes_disponibles.png\" class=\"\" alt=\"\" \/>\t\t\t    <span>Retirer son dipl\u00f4me<\/span>\r\n\t        <\/a>\r\n    <\/div>\r\n<\/div><\/div><div class=\"kc-elm kc-css-391779 kc_col-sm-6 kc_column_inner kc_col-sm-6\"><div class=\"kc_wrapper kc-col-inner-container\"><div class=\"kc-elm kc-css-375626 kc_shortcode kc_single_image\">\r\n\r\n        <a  href=\"https:\/\/iutdijon.u-bourgogne.fr\/www\/scolarite\/amenagements-de-scolarite.html\" title=\"Am\u00e9nagements de scolarit\u00e9\" target=\"_self\">\r\n        <img src=\"https:\/\/iutdijon.u-bourgogne.fr\/www\/wp-content\/uploads\/2020\/07\/Am\u00e9nagements-de-scolarit\u00e9.jpg\" class=\"\" alt=\"\" \/>\t\t\t    <span>Am\u00e9nagements de scolarit\u00e9<\/span>\r\n\t        <\/a>\r\n    <\/div>\r\n<\/div><\/div><\/div><div class=\"kc-elm kc-css-989422 kc_row kc_row_inner\"><div class=\"kc-elm kc-css-280564 kc_col-sm-6 kc_column_inner kc_col-sm-6\"><div class=\"kc_wrapper kc-col-inner-container\"><div class=\"kc-elm kc-css-80018 kc_shortcode kc_single_image\">\r\n\r\n        <a  href=\"https:\/\/iutdijon.u-bourgogne.fr\/www\/scolarite\/inscriptions-et-reinscriptions.html\" title=\"Inscriptions et r\u00e9inscriptions\" target=\"_self\">\r\n        <img src=\"https:\/\/iutdijon.u-bourgogne.fr\/www\/wp-content\/uploads\/2020\/07\/inscriptions.jpg\" class=\"\" alt=\"\" \/>\t\t\t    <span>Inscriptions<\/span>\r\n\t        <\/a>\r\n    <\/div>\r\n<\/div><\/div><div class=\"kc-elm kc-css-356846 kc_col-sm-6 kc_column_inner kc_col-sm-6\"><div class=\"kc_wrapper kc-col-inner-container\"><div class=\"kc-elm kc-css-670374 kc_shortcode kc_single_image\">\r\n\r\n        <a  href=\"https:\/\/iutdijon.u-bourgogne.fr\/www\/scolarite\/transfert-inter-academique.html\" title=\"Transfert inter-acad\u00e9mique\" target=\"_self\">\r\n        <img src=\"https:\/\/iutdijon.u-bourgogne.fr\/www\/wp-content\/uploads\/2020\/07\/img_transfert-inter-academique.jpg\" class=\"\" alt=\"\" \/>\t\t\t    <span>Transfert inter-acad\u00e9mique<\/span>\r\n\t        <\/a>\r\n    <\/div>\r\n<\/div><\/div><\/div><\/div><\/div><div id=\"gk-sidebar\" class=\"kc-elm kc-css-824160 kc_col-sm-5 kc_column kc_col-sm-5\"><div class=\"kc-col-container\"><div class=\"kc-elm kc-css-719419 kc_text_block contacts\"><\/p>\n<h2>Contacts Scolarit\u00e9<\/h2>\n<ul>\n<li><span class=\"notice\">Merci de ne pas laisser de message sur les r\u00e9pondeurs, ils ne peuvent pas \u00eatre pris en compte\u00a0 : si vous n&rsquo;avez pas eu de r\u00e9ponse \u00e0 votre appel, merci de le renouveler ult\u00e9rieurement.<\/span><\/li>\n<li><strong>Service scolarit\u00e9<\/strong><br \/>\nserv-scol@iut-dijon.u-bourgogne.fr<br \/>\n03.80.39.64.02<\/li>\n<li><strong>Responsable du service<\/strong><br \/>\nDante PARINI | 03 80 39 64 10<br \/>\ndante.parini@iut-dijon.u-bourgogne.fr<\/li>\n<li><strong>GACO<\/strong><br \/>\nRoselyne FABIANO | 03 80 39 65 19\u00a0<br \/>\nroselyne.fabiano@iut-dijon.u-bourgogne.fr<\/li>\n<li><strong>GB<\/strong><br \/>\nNasr-Eddine BENHADDOU | 03 80 39 65 69<br \/>\nn.benhaddou@iut-dijon.u-bourgogne.fr<\/li>\n<li><strong>GCCD <\/strong><em>(AUXERRE)<\/em><br \/>\nSonia COGNIAUX | 03 80 39 65 33<br \/>\nsonia.cogniaux@iut-dijon.u-bourgogne.fr<\/li>\n<li><strong>GEA<\/strong><br \/>\nChristine GUYON-BRETILLON | 03 80 39 65 39<br \/>\nChristine.guyon-bretillon@iut-dijon.u-bourgogne.fr<\/li>\n<li><strong>GMP<\/strong><br \/>\nCalvin SELINGUES | 03 80 39 65 34<br \/>\ncalvin.selingues@iut-dijon.u-bourgogne.fr<\/li>\n<li><strong>INFO-COM<\/strong><br \/>\nCalvin SELINGUES | 03 80 39 65 34<br \/>\ncalvin.selingues@iut-dijon.u-bourgogne.fr<\/li>\n<li><strong>INFO<br \/>\n<\/strong>&#8211; <em>DIJON<\/em><br \/>\nNasr-Eddine BENHADDOU | 03 80 39 65 69<br \/>\nn.benhaddou@iut-dijon.u-bourgogne.fr<br \/>\n&#8211; <em>NEVERS<\/em><br \/>\nCindy GURY | 03 86 71 50 47<br \/>\ncindy.gury@iut-dijon.u-bourgogne.fr<\/li>\n<li><strong>MMI<\/strong><br \/>\nRoselyne FABIANO | 03 80 39 65 19\u00a0<br \/>\nroselyne.fabiano@iut-dijon.u-bourgogne.fr<\/li>\n<li><strong>RT <\/strong><em>(AUXERRE)<\/em><br \/>\nGwena\u00eblle SELLIER | 03 86 49 28 40<br \/>\ngwenaelle.sellier@iut-dijon.u-bourgogne.fr<\/li>\n<li><strong>TC <\/strong><em>(AUXERRE et MACON)<\/em><br \/>\nSarah GOSSENS | 03 86 49 28 30<br \/>\nsarah.thebault@iut-dijon.u-bourgogne.fr<\/li>\n<li><strong>DUCG<\/strong> et <strong>DUSCG<\/strong><br \/>\nChristine GUYON-BRETILLON | 03 80 39 65 39<br \/>\nchristine.guyon-bretillon@iut-dijon.u-bourgogne.fr<\/li>\n<\/ul>\n<p>\n<\/div><\/div><\/div><\/div><\/div><\/section>\n","protected":false},"excerpt":{"rendered":"<p>&hellip;<\/p>\n","protected":false},"author":3185,"featured_media":0,"parent":0,"menu_order":0,"comment_status":"open","ping_status":"open","template":"","meta":{"_lmt_disableupdate":"no","_lmt_disable":""},"categories":[712],"tags":[],"acf":[],"yoast_head":"<!-- This site is optimized with the Yoast SEO plugin v17.2 - https:\/\/yoast.com\/wordpress\/plugins\/seo\/ -->\n<meta name=\"robots\" content=\"index, follow, max-snippet:-1, max-image-preview:large, max-video-preview:-1\" \/>\n<link rel=\"canonical\" href=\"https:\/\/iutdijon.u-bourgogne.fr\/www\/scolarite\" \/>\n<meta property=\"og:locale\" content=\"fr_FR\" \/>\n<meta property=\"og:type\" content=\"article\" \/>\n<meta property=\"og:title\" content=\"Scolarit\u00e9 &gt; IUT Dijon-Auxerre-Nevers\" \/>\n<meta property=\"og:description\" content=\"Horaires d&rsquo;ouverture Situ\u00e9 dans le b\u00e2timent central de l&rsquo;IUT de Dijon, le Service de la Scolarit\u00e9 vous accueille : Le bureau de la\u00a0 scolarit\u00e9 sera ferm\u00e9 du lundi 06 avril au vendredi&hellip;\" \/>\n<meta property=\"og:url\" content=\"https:\/\/iutdijon.u-bourgogne.fr\/www\/scolarite\" \/>\n<meta property=\"og:site_name\" content=\"IUT Dijon-Auxerre-Nevers\" \/>\n<meta property=\"article:modified_time\" content=\"2026-03-31T13:01:56+00:00\" \/>\n<meta property=\"og:image\" content=\"https:\/\/iutdijon.u-bourgogne.fr\/www\/wp-content\/uploads\/2020\/07\/Candidatures.jpg\" \/>\n<meta name=\"twitter:card\" content=\"summary_large_image\" \/>\n<meta name=\"twitter:label1\" content=\"Dur\u00e9e de lecture est.\" \/>\n\t<meta name=\"twitter:data1\" content=\"1 minute\" \/>\n<script type=\"application\/ld+json\" class=\"yoast-schema-graph\">{\"@context\":\"https:\/\/schema.org\",\"@graph\":[{\"@type\":\"WebSite\",\"@id\":\"https:\/\/iutdijon.u-bourgogne.fr\/www\/#website\",\"url\":\"https:\/\/iutdijon.u-bourgogne.fr\/www\/\",\"name\":\"IUT Dijon-Auxerre-Nevers\",\"description\":\"L&#039;IUT Dijon-Auxerre-Nevers propose des formations post-bac dans les secteurs Informatique, Tertiaire et Industriel. Il d\\u00e9livre des dipl\\u00f4mes \\u00e0 Bac+3 (Bachelors Universitaires de Technologie ou Licences Professionnelles).\",\"potentialAction\":[{\"@type\":\"SearchAction\",\"target\":{\"@type\":\"EntryPoint\",\"urlTemplate\":\"https:\/\/iutdijon.u-bourgogne.fr\/www\/?s={search_term_string}\"},\"query-input\":\"required name=search_term_string\"}],\"inLanguage\":\"fr-FR\"},{\"@type\":\"ImageObject\",\"@id\":\"https:\/\/iutdijon.u-bourgogne.fr\/www\/scolarite#primaryimage\",\"inLanguage\":\"fr-FR\",\"url\":\"https:\/\/iutdijon.u-bourgogne.fr\/www\/wp-content\/uploads\/2020\/07\/Candidatures.jpg\",\"contentUrl\":\"https:\/\/iutdijon.u-bourgogne.fr\/www\/wp-content\/uploads\/2020\/07\/Candidatures.jpg\",\"width\":383,\"height\":244},{\"@type\":\"WebPage\",\"@id\":\"https:\/\/iutdijon.u-bourgogne.fr\/www\/scolarite#webpage\",\"url\":\"https:\/\/iutdijon.u-bourgogne.fr\/www\/scolarite\",\"name\":\"Scolarit\\u00e9 &gt; IUT Dijon-Auxerre-Nevers\",\"isPartOf\":{\"@id\":\"https:\/\/iutdijon.u-bourgogne.fr\/www\/#website\"},\"primaryImageOfPage\":{\"@id\":\"https:\/\/iutdijon.u-bourgogne.fr\/www\/scolarite#primaryimage\"},\"datePublished\":\"2020-07-07T12:27:57+00:00\",\"dateModified\":\"2026-03-31T13:01:56+00:00\",\"breadcrumb\":{\"@id\":\"https:\/\/iutdijon.u-bourgogne.fr\/www\/scolarite#breadcrumb\"},\"inLanguage\":\"fr-FR\",\"potentialAction\":[{\"@type\":\"ReadAction\",\"target\":[\"https:\/\/iutdijon.u-bourgogne.fr\/www\/scolarite\"]}]},{\"@type\":\"BreadcrumbList\",\"@id\":\"https:\/\/iutdijon.u-bourgogne.fr\/www\/scolarite#breadcrumb\",\"itemListElement\":[{\"@type\":\"ListItem\",\"position\":1,\"name\":\"Accueil\",\"item\":\"https:\/\/iutdijon.u-bourgogne.fr\/www\/\"},{\"@type\":\"ListItem\",\"position\":2,\"name\":\"Scolarit\\u00e9\",\"item\":\"https:\/\/iutdijon.u-bourgogne.fr\/www\/category\/scolarite\"},{\"@type\":\"ListItem\",\"position\":3,\"name\":\"Scolarit\\u00e9\"}]}]}<\/script>\n<!-- \/ Yoast SEO plugin. -->","yoast_head_json":{"robots":{"index":"index","follow":"follow","max-snippet":"max-snippet:-1","max-image-preview":"max-image-preview:large","max-video-preview":"max-video-preview:-1"},"canonical":"https:\/\/iutdijon.u-bourgogne.fr\/www\/scolarite","og_locale":"fr_FR","og_type":"article","og_title":"Scolarit\u00e9 &gt; IUT Dijon-Auxerre-Nevers","og_description":"Horaires d&rsquo;ouverture Situ\u00e9 dans le b\u00e2timent central de l&rsquo;IUT de Dijon, le Service de la Scolarit\u00e9 vous accueille : Le bureau de la\u00a0 scolarit\u00e9 sera ferm\u00e9 du lundi 06 avril au vendredi&hellip;","og_url":"https:\/\/iutdijon.u-bourgogne.fr\/www\/scolarite","og_site_name":"IUT Dijon-Auxerre-Nevers","article_modified_time":"2026-03-31T13:01:56+00:00","og_image":[{"url":"https:\/\/iutdijon.u-bourgogne.fr\/www\/wp-content\/uploads\/2020\/07\/Candidatures.jpg"}],"twitter_card":"summary_large_image","twitter_misc":{"Dur\u00e9e de lecture est.":"1 minute"},"schema":{"@context":"https:\/\/schema.org","@graph":[{"@type":"WebSite","@id":"https:\/\/iutdijon.u-bourgogne.fr\/www\/#website","url":"https:\/\/iutdijon.u-bourgogne.fr\/www\/","name":"IUT Dijon-Auxerre-Nevers","description":"L&#039;IUT Dijon-Auxerre-Nevers propose des formations post-bac dans les secteurs Informatique, Tertiaire et Industriel. Il d\u00e9livre des dipl\u00f4mes \u00e0 Bac+3 (Bachelors Universitaires de Technologie ou Licences Professionnelles).","potentialAction":[{"@type":"SearchAction","target":{"@type":"EntryPoint","urlTemplate":"https:\/\/iutdijon.u-bourgogne.fr\/www\/?s={search_term_string}"},"query-input":"required name=search_term_string"}],"inLanguage":"fr-FR"},{"@type":"ImageObject","@id":"https:\/\/iutdijon.u-bourgogne.fr\/www\/scolarite#primaryimage","inLanguage":"fr-FR","url":"https:\/\/iutdijon.u-bourgogne.fr\/www\/wp-content\/uploads\/2020\/07\/Candidatures.jpg","contentUrl":"https:\/\/iutdijon.u-bourgogne.fr\/www\/wp-content\/uploads\/2020\/07\/Candidatures.jpg","width":383,"height":244},{"@type":"WebPage","@id":"https:\/\/iutdijon.u-bourgogne.fr\/www\/scolarite#webpage","url":"https:\/\/iutdijon.u-bourgogne.fr\/www\/scolarite","name":"Scolarit\u00e9 &gt; IUT Dijon-Auxerre-Nevers","isPartOf":{"@id":"https:\/\/iutdijon.u-bourgogne.fr\/www\/#website"},"primaryImageOfPage":{"@id":"https:\/\/iutdijon.u-bourgogne.fr\/www\/scolarite#primaryimage"},"datePublished":"2020-07-07T12:27:57+00:00","dateModified":"2026-03-31T13:01:56+00:00","breadcrumb":{"@id":"https:\/\/iutdijon.u-bourgogne.fr\/www\/scolarite#breadcrumb"},"inLanguage":"fr-FR","potentialAction":[{"@type":"ReadAction","target":["https:\/\/iutdijon.u-bourgogne.fr\/www\/scolarite"]}]},{"@type":"BreadcrumbList","@id":"https:\/\/iutdijon.u-bourgogne.fr\/www\/scolarite#breadcrumb","itemListElement":[{"@type":"ListItem","position":1,"name":"Accueil","item":"https:\/\/iutdijon.u-bourgogne.fr\/www\/"},{"@type":"ListItem","position":2,"name":"Scolarit\u00e9","item":"https:\/\/iutdijon.u-bourgogne.fr\/www\/category\/scolarite"},{"@type":"ListItem","position":3,"name":"Scolarit\u00e9"}]}]}},"_links":{"self":[{"href":"https:\/\/iutdijon.u-bourgogne.fr\/www\/wp-json\/wp\/v2\/pages\/2629"}],"collection":[{"href":"https:\/\/iutdijon.u-bourgogne.fr\/www\/wp-json\/wp\/v2\/pages"}],"about":[{"href":"https:\/\/iutdijon.u-bourgogne.fr\/www\/wp-json\/wp\/v2\/types\/page"}],"author":[{"embeddable":true,"href":"https:\/\/iutdijon.u-bourgogne.fr\/www\/wp-json\/wp\/v2\/users\/3185"}],"replies":[{"embeddable":true,"href":"https:\/\/iutdijon.u-bourgogne.fr\/www\/wp-json\/wp\/v2\/comments?post=2629"}],"version-history":[{"count":152,"href":"https:\/\/iutdijon.u-bourgogne.fr\/www\/wp-json\/wp\/v2\/pages\/2629\/revisions"}],"predecessor-version":[{"id":15473,"href":"https:\/\/iutdijon.u-bourgogne.fr\/www\/wp-json\/wp\/v2\/pages\/2629\/revisions\/15473"}],"wp:attachment":[{"href":"https:\/\/iutdijon.u-bourgogne.fr\/www\/wp-json\/wp\/v2\/media?parent=2629"}],"wp:term":[{"taxonomy":"category","embeddable":true,"href":"https:\/\/iutdijon.u-bourgogne.fr\/www\/wp-json\/wp\/v2\/categories?post=2629"},{"taxonomy":"post_tag","embeddable":true,"href":"https:\/\/iutdijon.u-bourgogne.fr\/www\/wp-json\/wp\/v2\/tags?post=2629"}],"curies":[{"name":"wp","href":"https:\/\/api.w.org\/{rel}","templated":true}]}}