{"id":2561,"date":"2020-07-02T16:43:58","date_gmt":"2020-07-02T14:43:58","guid":{"rendered":"https:\/\/iutdijon.u-bourgogne.fr\/www\/?p=2561"},"modified":"2026-01-12T11:32:32","modified_gmt":"2026-01-12T10:32:32","slug":"international","status":"publish","type":"page","link":"https:\/\/iutdijon.u-bourgogne.fr\/www\/international","title":{"rendered":"International"},"content":{"rendered":"<p><section class=\"kc-elm kc-css-305235 kc_row\"><div class=\"kc-row-container  kc-container  big-icons\"><div class=\"kc-wrap-columns\"><div class=\"kc-elm kc-css-668916 kc_col-sm-8 kc_column kc_col-sm-8\"><div class=\"kc-col-container\"><div class=\"kc-elm kc-css-173603 kc_row kc_row_inner\"><div class=\"kc-elm kc-css-174160 kc_col-sm-6 kc_column_inner kc_col-sm-6\"><div class=\"kc_wrapper kc-col-inner-container\"><div class=\"kc-elm kc-css-293118 kc_shortcode kc_single_image\">\r\n\r\n        <a  href=\"https:\/\/iutdijon.u-bourgogne.fr\/www\/international\/partir-a-letranger.html\" title=\"Partir \u00e0 l\u2019\u00e9tranger\" target=\"_self\">\r\n        <img src=\"https:\/\/iutdijon.u-bourgogne.fr\/www\/wp-content\/uploads\/2020\/07\/Partir-a-l-etranger.jpg\" class=\"\" alt=\"\" \/>\t\t\t    <span>Partir \u00e0 l:apos:\u00e9tranger<\/span>\r\n\t        <\/a>\r\n    <\/div>\r\n<\/div><\/div><div class=\"kc-elm kc-css-942825 kc_col-sm-6 kc_column_inner kc_col-sm-6\"><div class=\"kc_wrapper kc-col-inner-container\"><div class=\"kc-elm kc-css-34761 kc_shortcode kc_single_image\">\r\n\r\n        <a  href=\"https:\/\/www.ube.fr\/international-forthem\/mobilite-etudiante\/ou-partir\/\" title=\"Universit\u00e9s partenaires\" target=\"_blank\">\r\n        <img src=\"https:\/\/iutdijon.u-bourgogne.fr\/www\/wp-content\/uploads\/2020\/07\/universit\u00e9s-partenaires.jpg\" class=\"\" alt=\"\" \/>\t\t\t    <span>Universit\u00e9s partenaires<\/span>\r\n\t        <\/a>\r\n    <\/div>\r\n<\/div><\/div><\/div><div class=\"kc-elm kc-css-308858 kc_row kc_row_inner\"><div class=\"kc-elm kc-css-691075 kc_col-sm-6 kc_column_inner kc_col-sm-6\"><div class=\"kc_wrapper kc-col-inner-container\"><div class=\"kc-elm kc-css-588283 kc_shortcode kc_single_image\">\r\n\r\n        <a  href=\"https:\/\/iutdijon.u-bourgogne.fr\/www\/international\/venir-etudier-a-liut.html\" title=\"Venir \u00e9tudier \u00e0 l\u2019IUT\" target=\"_self\">\r\n        <img src=\"https:\/\/iutdijon.u-bourgogne.fr\/www\/wp-content\/uploads\/2020\/07\/come_study_at_the_iut.jpg\" class=\"\" alt=\"\" \/>\t\t\t    <span>Venir \u00e9tudier \u00e0 l:apos:IUT<\/span>\r\n\t        <\/a>\r\n    <\/div>\r\n<\/div><\/div><div class=\"kc-elm kc-css-880830 kc_col-sm-6 kc_column_inner kc_col-sm-6\"><div class=\"kc_wrapper kc-col-inner-container\"><\/div><\/div><\/div><\/div><\/div><div id=\"gk-sidebar\" class=\"kc-elm kc-css-294531 kc_col-sm-5 kc_column kc_col-sm-5\"><div class=\"kc-col-container\"><div class=\"widget pagesinwidgets_post_section kc-elm kc-css-138696\">\t\t\t<div class=\"homepost_section\">\r\n\t\t\t\t<style type=\"text\/css\"><\/style>\n<section class=\"kc-elm kc-css-346229 kc_row\">\n<div class=\"kc-row-container  kc-container\">\n<div class=\"kc-wrap-columns\">\n<div class=\"kc-elm kc-css-1074473 kc_col-sm-12 kc_column kc_col-sm-12\">\n<div class=\"kc-col-container\">\n<div class=\"kc-elm kc-css-329416 kc_text_block contacts\">\n<h2>Contacts<\/h2>\n<h2><span><a href=\"phone:+33380396449\" title=\"+33 3 80 39 64 49\">+33 3 80 39 64 49<\/a><br \/>\n<a href=\"mailto:ri@iut-dijon.u-bourgogne.fr\" title=\"Ri@iut-dijon.u-bourgogne.fr\">ri@iut-dijon.u-bourgogne.fr<\/a><\/span><\/h2>\n<\/div>\n<\/div>\n<\/div>\n<\/div>\n<\/div>\n<\/section>\n\t\t\t\t<\/div>\r\n\t\t\t<\/div><\/div><\/div><\/div><\/div><\/section><section class=\"kc-elm kc-css-31230 kc_row\"><div class=\"kc-row-container  kc-container  big-icons\"><div class=\"kc-wrap-columns\"><div class=\"kc-elm kc-css-982654 kc_col-sm-8 kc_column kc_col-sm-8\"><div class=\"kc-col-container\"><div class=\"kc-elm kc-css-980890 kc_row kc_row_inner\"><div class=\"kc-elm kc-css-199350 kc_col-sm-6 kc_column_inner kc_col-sm-6\"><div class=\"kc_wrapper kc-col-inner-container\"><div class=\"kc-elm kc-css-452788 kc_shortcode kc_single_image\">\r\n\r\n        <a  href=\"https:\/\/www.service4mobility.com\/europe\/MobilitySearchServlet?org_id=84&amp;sprache=fr&amp;kz_search=A&amp;kz_partner_link_type=0&amp;identifier=DIJON01&amp;showOnlyKzSearch=0&amp;checkExisting=true&amp;showGoogleMapsLink=true&amp;gMapURLParameters=\/europe\/ShowGoogleKoordinatenServlet?match=9481e649c41b27c6ca6753c6d10f29fec969f4f3da70e689f4a50929f9cfb1201f67dab125f76415c889ffbd22d07e9493cc137701bade9f82ea27066bf04ba82bc656da9695c87ac41af89e1a094443f0e7169dc59beb0162ac064bab54eb2f&amp;markerClicked=0&amp;regionClicked=0&amp;map_action_type=S&amp;is_show_inst_on_click=0&amp;submit_by_click=1&amp;inputBewArt=0&amp;inputBewPers=0&amp;allowBewArtBoth=0&amp;allowBewPersBoth=0&amp;completeURL=https:\/\/www.service4mobility.com\/europe\/MobilitySearchServlet5?match=506df5ebbcce910000d7e2ab4e1e9a0b1bf8845b1164f3df4a3a76b3c1de41f4e33eebf5e81cb87b58f840ecf1fd856ac4a1bc73306f9bfff3e1ddcf11dc9d9a7d172f8063ebb7795ed090af868642ef72bc898c56ae23d37c805d8638064da88ed4dc3c98b4efa4ae4c1c5e84715eec714f422e5ff7d1c26abc39ab36dd4da24473a72fa7e3a9a0cab6742f9bad8ed45bf794d6c43ef6a8f447b9d1f6c7ca76952705d7d7d48f18efe6b028f2c6935106edacf758b1723489cb413b8ba47d39bc70facf8c652daeb1c19faac3a01186f05d931d2a9789593986fcc60fcba2d832b350d8f8d28b98d9bf7f1c37476e3b7e9fa21e1137ca2d28a71d4649ca9b01fc4a93a785554823081da93f7830d752faee1d72f092e26a900189b41dfa35b50420580e5157712508609f8fac15887caefb59e183cbfff1b86b85a888d97002e676468fa1dbb69aa39d2f81d3d31a647d26265a5f2e350cee38191fe04fdd6075e2884106ebabfacdf3a00c69b9055a09ebafef65512e889d9940f4c402603da9b86aab37476a87cfddeb104a1db4b23c2d00bc251ca78950d944ba3c7eceea429d8ce335a12cea645f87ba1a2537da429d8ce335a12cea5547e7874aac5b19e9327e47f04e96fd6e03e5f82c7b304a2e48de5264dc661484a227a4c3423a55e43b186eab3f2b236ca47408bf59c40e44fdc2b5d0605648d5d5b9368f799b5372bc898c56ae23d37c805d8638064da88ed4dc3c98b4efa41b5489e34ca39c615c471cb3e944cd004acd5dc31c57baa6d5038553e8cd7a1ab2e4fa3b55b78bda56195502e6b902cdeb5e589a06fe7cddfaa5e16d5b758f9dceb3eb3ed77f224c490d63283ef80a84426978fe5c9d96f8c35b3e53913afbe319c285e660a16e5c&amp;map_lcd_action_type=N&amp;inst_id_heim=488569&amp;inst_id_heim_child=494354&amp;kz_bew_art=OUT&amp;kz_bew_pers=S&amp;aust_prog_id=0&amp;studr_id=0&amp;kon_id=0&amp;lcd_id=0&amp;inst_id_partner=0\" title=\"Universit\u00e9s partenaires\" target=\"_self\">\r\n        <img src=\"https:\/\/iutdijon.u-bourgogne.fr\/www\/wp-content\/uploads\/2020\/07\/universit\u00e9s-partenaires.jpg\" class=\"\" alt=\"\" \/>\t\t\t    <span>Universit\u00e9s partenaires<\/span>\r\n\t        <\/a>\r\n    <\/div>\r\n<\/div><\/div><div class=\"kc-elm kc-css-446311 kc_col-sm-6 kc_column_inner kc_col-sm-6\"><div class=\"kc_wrapper kc-col-inner-container\"><div class=\"kc-elm kc-css-557592 kc_shortcode kc_single_image\">\r\n\r\n        <a  href=\"https:\/\/iutdijon.u-bourgogne.fr\/www\/international\/partir-a-letranger.html\" title=\"Partir \u00e0 l\u2019\u00e9tranger\" target=\"_self\">\r\n        <img src=\"https:\/\/iutdijon.u-bourgogne.fr\/www\/wp-content\/uploads\/2020\/07\/Partir-a-l-etranger.jpg\" class=\"\" alt=\"\" \/>\t\t\t    <span>Partir \u00e0 l:apos:\u00e9tranger<\/span>\r\n\t        <\/a>\r\n    <\/div>\r\n<\/div><\/div><\/div><div class=\"kc-elm kc-css-401995 kc_row kc_row_inner\"><div class=\"kc-elm kc-css-503475 kc_col-sm-6 kc_column_inner kc_col-sm-6\"><div class=\"kc_wrapper kc-col-inner-container\"><div class=\"kc-elm kc-css-613435 kc_shortcode kc_single_image\">\r\n\r\n        <a  href=\"https:\/\/iutdijon.u-bourgogne.fr\/www\/international\/venir-etudier-a-liut.html\" title=\"Venir \u00e9tudier \u00e0 l\u2019IUT\" target=\"_self\">\r\n        <img src=\"https:\/\/iutdijon.u-bourgogne.fr\/www\/wp-content\/uploads\/2020\/07\/come_study_at_the_iut.jpg\" class=\"\" alt=\"\" \/>\t\t\t    <span>Venir \u00e9tudier \u00e0 l:apos:IUT<\/span>\r\n\t        <\/a>\r\n    <\/div>\r\n<\/div><\/div><div class=\"kc-elm kc-css-939856 kc_col-sm-6 kc_column_inner kc_col-sm-6\"><div class=\"kc_wrapper kc-col-inner-container\"><div class=\"kc-elm kc-css-906174 kc_shortcode kc_single_image\">\r\n\r\n        <a  href=\"https:\/\/iutdijon.u-bourgogne.fr\/www\/international\/come-study-at-the-iut.html\" title=\"Come study at the IUT\" target=\"_self\">\r\n        <img src=\"https:\/\/iutdijon.u-bourgogne.fr\/www\/wp-content\/uploads\/2020\/07\/Venir-\u00e9tudier-\u00e0-liut-1.jpg\" class=\"\" alt=\"\" \/>\t\t\t    <span>Come study at the IUT<\/span>\r\n\t        <\/a>\r\n    <\/div>\r\n<\/div><\/div><\/div><div class=\"kc-elm kc-css-673280 kc_row kc_row_inner\"><div class=\"kc-elm kc-css-73147 kc_col-sm-6 kc_column_inner kc_col-sm-6\"><div class=\"kc_wrapper kc-col-inner-container\"><div class=\"kc-elm kc-css-843770 kc_shortcode kc_single_image\">\r\n\r\n        <a  href=\"https:\/\/iutdijon.u-bourgogne.fr\/www\/international\/forthem-courses-offer.html\" title=\"Forthem courses offer\" target=\"_self\">\r\n        <img src=\"https:\/\/iutdijon.u-bourgogne.fr\/www\/wp-content\/uploads\/2020\/12\/img_forthem_menu.jpg\" class=\"\" alt=\"\" \/>\t\t\t    <span>Forthem courses offer<\/span>\r\n\t        <\/a>\r\n    <\/div>\r\n<\/div><\/div><div class=\"kc-elm kc-css-942833 kc_col-sm-6 kc_column_inner kc_col-sm-6\"><div class=\"kc_wrapper kc-col-inner-container\"><\/div><\/div><\/div><\/div><\/div><div id=\"gk-sidebar\" class=\"kc-elm kc-css-280198 kc_col-sm-5 kc_column kc_col-sm-5\"><div class=\"kc-col-container\"><div class=\"kc-elm kc-css-18966 kc_text_block contacts\"><\/p>\n<h2>Contacts Relations Internationales<\/h2>\n<ul>\n<li><strong>Responsable Relations Internationales<\/strong><br \/>\nChadia Hachim<br \/>\nT\u00e9l. : 03.80.39.64.49<br \/>\nE-mail : <a href=\"mailto:ri@iut-dijon.u-bourgogne.fr\" title=\"Ri@iut-dijon.u-bourgogne.fr\">ri@iut-dijon.u-bourgogne.fr<\/a><\/li>\n<\/ul>\n<p>\n<\/div><\/div><\/div><\/div><\/div><\/section><\/p>\n","protected":false},"excerpt":{"rendered":"<p>&hellip;<\/p>\n","protected":false},"author":3185,"featured_media":0,"parent":0,"menu_order":0,"comment_status":"open","ping_status":"open","template":"","meta":{"_lmt_disableupdate":"no","_lmt_disable":""},"categories":[],"tags":[],"acf":[],"yoast_head":"<!-- This site is optimized with the Yoast SEO plugin v17.2 - https:\/\/yoast.com\/wordpress\/plugins\/seo\/ -->\n<meta name=\"robots\" content=\"index, follow, max-snippet:-1, max-image-preview:large, max-video-preview:-1\" \/>\n<link rel=\"canonical\" href=\"https:\/\/iutdijon.u-bourgogne.fr\/www\/international\" \/>\n<meta property=\"og:locale\" content=\"fr_FR\" \/>\n<meta property=\"og:type\" content=\"article\" \/>\n<meta property=\"og:title\" content=\"International &gt; IUT Dijon-Auxerre-Nevers\" \/>\n<meta property=\"og:description\" content=\"Partir \u00e0 l&#039;\u00e9tranger Universit\u00e9s partenaires Venir \u00e9tudier \u00e0 l&#039;IUT Contacts +33 3 80 39 64 49 ri@iut-dijon.u-bourgogne.fr&hellip;\" \/>\n<meta property=\"og:url\" content=\"https:\/\/iutdijon.u-bourgogne.fr\/www\/international\" \/>\n<meta property=\"og:site_name\" content=\"IUT Dijon-Auxerre-Nevers\" \/>\n<meta property=\"article:modified_time\" content=\"2026-01-12T10:32:32+00:00\" \/>\n<meta property=\"og:image\" content=\"https:\/\/iutdijon.u-bourgogne.fr\/www\/wp-content\/uploads\/2020\/07\/Partir-a-l-etranger.jpg\" \/>\n<meta name=\"twitter:card\" content=\"summary_large_image\" \/>\n<script type=\"application\/ld+json\" class=\"yoast-schema-graph\">{\"@context\":\"https:\/\/schema.org\",\"@graph\":[{\"@type\":\"WebSite\",\"@id\":\"https:\/\/iutdijon.u-bourgogne.fr\/www\/#website\",\"url\":\"https:\/\/iutdijon.u-bourgogne.fr\/www\/\",\"name\":\"IUT Dijon-Auxerre-Nevers\",\"description\":\"L&#039;IUT Dijon-Auxerre-Nevers propose des formations post-bac dans les secteurs Informatique, Tertiaire et Industriel. Il d\\u00e9livre des dipl\\u00f4mes \\u00e0 Bac+3 (Bachelors Universitaires de Technologie ou Licences Professionnelles).\",\"potentialAction\":[{\"@type\":\"SearchAction\",\"target\":{\"@type\":\"EntryPoint\",\"urlTemplate\":\"https:\/\/iutdijon.u-bourgogne.fr\/www\/?s={search_term_string}\"},\"query-input\":\"required name=search_term_string\"}],\"inLanguage\":\"fr-FR\"},{\"@type\":\"ImageObject\",\"@id\":\"https:\/\/iutdijon.u-bourgogne.fr\/www\/international#primaryimage\",\"inLanguage\":\"fr-FR\",\"url\":\"https:\/\/iutdijon.u-bourgogne.fr\/www\/wp-content\/uploads\/2020\/07\/Partir-a-l-etranger.jpg\",\"contentUrl\":\"https:\/\/iutdijon.u-bourgogne.fr\/www\/wp-content\/uploads\/2020\/07\/Partir-a-l-etranger.jpg\",\"width\":383,\"height\":244},{\"@type\":\"WebPage\",\"@id\":\"https:\/\/iutdijon.u-bourgogne.fr\/www\/international#webpage\",\"url\":\"https:\/\/iutdijon.u-bourgogne.fr\/www\/international\",\"name\":\"International &gt; IUT Dijon-Auxerre-Nevers\",\"isPartOf\":{\"@id\":\"https:\/\/iutdijon.u-bourgogne.fr\/www\/#website\"},\"primaryImageOfPage\":{\"@id\":\"https:\/\/iutdijon.u-bourgogne.fr\/www\/international#primaryimage\"},\"datePublished\":\"2020-07-02T14:43:58+00:00\",\"dateModified\":\"2026-01-12T10:32:32+00:00\",\"breadcrumb\":{\"@id\":\"https:\/\/iutdijon.u-bourgogne.fr\/www\/international#breadcrumb\"},\"inLanguage\":\"fr-FR\",\"potentialAction\":[{\"@type\":\"ReadAction\",\"target\":[\"https:\/\/iutdijon.u-bourgogne.fr\/www\/international\"]}]},{\"@type\":\"BreadcrumbList\",\"@id\":\"https:\/\/iutdijon.u-bourgogne.fr\/www\/international#breadcrumb\",\"itemListElement\":[{\"@type\":\"ListItem\",\"position\":1,\"name\":\"Accueil\",\"item\":\"https:\/\/iutdijon.u-bourgogne.fr\/www\/\"},{\"@type\":\"ListItem\",\"position\":2,\"name\":\"International\",\"item\":\"https:\/\/iutdijon.u-bourgogne.fr\/www\/category\/international\"},{\"@type\":\"ListItem\",\"position\":3,\"name\":\"International\"}]}]}<\/script>\n<!-- \/ Yoast SEO plugin. -->","yoast_head_json":{"robots":{"index":"index","follow":"follow","max-snippet":"max-snippet:-1","max-image-preview":"max-image-preview:large","max-video-preview":"max-video-preview:-1"},"canonical":"https:\/\/iutdijon.u-bourgogne.fr\/www\/international","og_locale":"fr_FR","og_type":"article","og_title":"International &gt; IUT Dijon-Auxerre-Nevers","og_description":"Partir \u00e0 l&#039;\u00e9tranger Universit\u00e9s partenaires Venir \u00e9tudier \u00e0 l&#039;IUT Contacts +33 3 80 39 64 49 ri@iut-dijon.u-bourgogne.fr&hellip;","og_url":"https:\/\/iutdijon.u-bourgogne.fr\/www\/international","og_site_name":"IUT Dijon-Auxerre-Nevers","article_modified_time":"2026-01-12T10:32:32+00:00","og_image":[{"url":"https:\/\/iutdijon.u-bourgogne.fr\/www\/wp-content\/uploads\/2020\/07\/Partir-a-l-etranger.jpg"}],"twitter_card":"summary_large_image","schema":{"@context":"https:\/\/schema.org","@graph":[{"@type":"WebSite","@id":"https:\/\/iutdijon.u-bourgogne.fr\/www\/#website","url":"https:\/\/iutdijon.u-bourgogne.fr\/www\/","name":"IUT Dijon-Auxerre-Nevers","description":"L&#039;IUT Dijon-Auxerre-Nevers propose des formations post-bac dans les secteurs Informatique, Tertiaire et Industriel. Il d\u00e9livre des dipl\u00f4mes \u00e0 Bac+3 (Bachelors Universitaires de Technologie ou Licences Professionnelles).","potentialAction":[{"@type":"SearchAction","target":{"@type":"EntryPoint","urlTemplate":"https:\/\/iutdijon.u-bourgogne.fr\/www\/?s={search_term_string}"},"query-input":"required name=search_term_string"}],"inLanguage":"fr-FR"},{"@type":"ImageObject","@id":"https:\/\/iutdijon.u-bourgogne.fr\/www\/international#primaryimage","inLanguage":"fr-FR","url":"https:\/\/iutdijon.u-bourgogne.fr\/www\/wp-content\/uploads\/2020\/07\/Partir-a-l-etranger.jpg","contentUrl":"https:\/\/iutdijon.u-bourgogne.fr\/www\/wp-content\/uploads\/2020\/07\/Partir-a-l-etranger.jpg","width":383,"height":244},{"@type":"WebPage","@id":"https:\/\/iutdijon.u-bourgogne.fr\/www\/international#webpage","url":"https:\/\/iutdijon.u-bourgogne.fr\/www\/international","name":"International &gt; IUT Dijon-Auxerre-Nevers","isPartOf":{"@id":"https:\/\/iutdijon.u-bourgogne.fr\/www\/#website"},"primaryImageOfPage":{"@id":"https:\/\/iutdijon.u-bourgogne.fr\/www\/international#primaryimage"},"datePublished":"2020-07-02T14:43:58+00:00","dateModified":"2026-01-12T10:32:32+00:00","breadcrumb":{"@id":"https:\/\/iutdijon.u-bourgogne.fr\/www\/international#breadcrumb"},"inLanguage":"fr-FR","potentialAction":[{"@type":"ReadAction","target":["https:\/\/iutdijon.u-bourgogne.fr\/www\/international"]}]},{"@type":"BreadcrumbList","@id":"https:\/\/iutdijon.u-bourgogne.fr\/www\/international#breadcrumb","itemListElement":[{"@type":"ListItem","position":1,"name":"Accueil","item":"https:\/\/iutdijon.u-bourgogne.fr\/www\/"},{"@type":"ListItem","position":2,"name":"International","item":"https:\/\/iutdijon.u-bourgogne.fr\/www\/category\/international"},{"@type":"ListItem","position":3,"name":"International"}]}]}},"_links":{"self":[{"href":"https:\/\/iutdijon.u-bourgogne.fr\/www\/wp-json\/wp\/v2\/pages\/2561"}],"collection":[{"href":"https:\/\/iutdijon.u-bourgogne.fr\/www\/wp-json\/wp\/v2\/pages"}],"about":[{"href":"https:\/\/iutdijon.u-bourgogne.fr\/www\/wp-json\/wp\/v2\/types\/page"}],"author":[{"embeddable":true,"href":"https:\/\/iutdijon.u-bourgogne.fr\/www\/wp-json\/wp\/v2\/users\/3185"}],"replies":[{"embeddable":true,"href":"https:\/\/iutdijon.u-bourgogne.fr\/www\/wp-json\/wp\/v2\/comments?post=2561"}],"version-history":[{"count":75,"href":"https:\/\/iutdijon.u-bourgogne.fr\/www\/wp-json\/wp\/v2\/pages\/2561\/revisions"}],"predecessor-version":[{"id":15099,"href":"https:\/\/iutdijon.u-bourgogne.fr\/www\/wp-json\/wp\/v2\/pages\/2561\/revisions\/15099"}],"wp:attachment":[{"href":"https:\/\/iutdijon.u-bourgogne.fr\/www\/wp-json\/wp\/v2\/media?parent=2561"}],"wp:term":[{"taxonomy":"category","embeddable":true,"href":"https:\/\/iutdijon.u-bourgogne.fr\/www\/wp-json\/wp\/v2\/categories?post=2561"},{"taxonomy":"post_tag","embeddable":true,"href":"https:\/\/iutdijon.u-bourgogne.fr\/www\/wp-json\/wp\/v2\/tags?post=2561"}],"curies":[{"name":"wp","href":"https:\/\/api.w.org\/{rel}","templated":true}]}}