{"id":2559,"date":"2020-07-02T16:41:12","date_gmt":"2020-07-02T14:41:12","guid":{"rendered":"https:\/\/iutdijon.u-bourgogne.fr\/www\/?p=2559"},"modified":"2025-11-12T12:22:49","modified_gmt":"2025-11-12T11:22:49","slug":"relations-entreprises","status":"publish","type":"page","link":"https:\/\/iutdijon.u-bourgogne.fr\/www\/relations-entreprises","title":{"rendered":"Entreprises"},"content":{"rendered":"<section class=\"kc-elm kc-css-385769 kc_row\"><div class=\"kc-row-container  kc-container  big-icons\"><div class=\"kc-wrap-columns\"><div class=\"kc-elm kc-css-14186 kc_col-sm-8 kc_column kc_col-sm-8\"><div class=\"kc-col-container\"><div class=\"kc-elm kc-css-694117 kc_row kc_row_inner\"><div class=\"kc-elm kc-css-256091 kc_col-sm-6 kc_column_inner kc_col-sm-6\"><div class=\"kc_wrapper kc-col-inner-container\"><div class=\"kc-elm kc-css-866500 kc_shortcode kc_single_image\">\r\n\r\n        <a  href=\"https:\/\/iutdijon.u-bourgogne.fr\/www\/relations-entreprises\/recruter-un-etudiant.html\" title=\"Proposer un stage, projet, emploi ou une alternance\" target=\"_self\">\r\n        <img src=\"https:\/\/iutdijon.u-bourgogne.fr\/www\/wp-content\/uploads\/2020\/07\/Recruter.jpg\" class=\"\" alt=\"\" \/>\t\t\t    <span>Recruter un \u00e9tudiant ou un alumni<\/span>\r\n\t        <\/a>\r\n    <\/div>\r\n<\/div><\/div><div class=\"kc-elm kc-css-279442 kc_col-sm-6 kc_column_inner kc_col-sm-6\"><div class=\"kc_wrapper kc-col-inner-container\"><div class=\"kc-elm kc-css-178022 kc_shortcode kc_single_image\">\r\n\r\n        <a  href=\"https:\/\/iutdijon.u-bourgogne.fr\/www\/relations-entreprises\/collecte-cufpa.html\" title=\"Taxe d\u2019apprentissage\" target=\"_self\">\r\n        <img src=\"https:\/\/iutdijon.u-bourgogne.fr\/www\/wp-content\/uploads\/2020\/07\/img_collecte_cufpa.jpg\" class=\"\" alt=\"\" \/>\t\t\t    <span>Collecte CUFPA<\/span>\r\n\t        <\/a>\r\n    <\/div>\r\n<\/div><\/div><\/div><div class=\"kc-elm kc-css-476502 kc_row kc_row_inner\"><div class=\"kc-elm kc-css-249041 kc_col-sm-6 kc_column_inner kc_col-sm-6\"><div class=\"kc_wrapper kc-col-inner-container\"><div class=\"kc-elm kc-css-821323 kc_shortcode kc_single_image\">\r\n\r\n        <a  href=\"https:\/\/iutdijon.u-bourgogne.fr\/www\/relations-entreprises\/transfert-de-technologie.html\" title=\"Transfert et R&amp;D\" target=\"_self\">\r\n        <img src=\"https:\/\/iutdijon.u-bourgogne.fr\/www\/wp-content\/uploads\/2020\/08\/IMAG_transfert_technologie.jpg\" class=\"\" alt=\"\" \/>\t\t\t    <span>Transfert de technologie<\/span>\r\n\t        <\/a>\r\n    <\/div>\r\n<\/div><\/div><div class=\"kc-elm kc-css-816345 kc_col-sm-6 kc_column_inner kc_col-sm-6\"><div class=\"kc_wrapper kc-col-inner-container\"><\/div><\/div><\/div><\/div><\/div><div id=\"gk-sidebar\" class=\"kc-elm kc-css-623456 kc_col-sm-5 kc_column kc_col-sm-5\"><div class=\"kc-col-container\"><div class=\"kc-elm kc-css-585165 kc_text_block contacts\"><\/p>\n<h2>Contact Relations Entreprises<\/h2>\n<ul>\n<li><strong>Responsable Relations Entreprises<br \/>\n<\/strong>Manitra RAKOTOARISON<br \/>\nT\u00e9l. : 03 80 39 64 33<br \/>\nE-mail : entreprises@iut-dijon.u-bourgogne.fr<\/li>\n<\/ul>\n<p>\n<\/div><\/div><\/div><\/div><\/div><\/section>\n","protected":false},"excerpt":{"rendered":"<p>&hellip;<\/p>\n","protected":false},"author":3185,"featured_media":0,"parent":0,"menu_order":0,"comment_status":"open","ping_status":"open","template":"","meta":{"_lmt_disableupdate":"no","_lmt_disable":""},"categories":[614],"tags":[],"acf":[],"yoast_head":"<!-- This site is optimized with the Yoast SEO plugin v17.2 - https:\/\/yoast.com\/wordpress\/plugins\/seo\/ -->\n<meta name=\"robots\" content=\"index, follow, max-snippet:-1, max-image-preview:large, max-video-preview:-1\" \/>\n<link rel=\"canonical\" href=\"https:\/\/iutdijon.u-bourgogne.fr\/www\/relations-entreprises\" \/>\n<meta property=\"og:locale\" content=\"fr_FR\" \/>\n<meta property=\"og:type\" content=\"article\" \/>\n<meta property=\"og:title\" content=\"Entreprises &gt; IUT Dijon-Auxerre-Nevers\" \/>\n<meta property=\"og:description\" content=\"Recruter un \u00e9tudiant ou un alumni Collecte CUFPA Transfert de technologie Contact Relations Entreprises Responsable Relations Entreprises Manitra RAKOTOARISON T\u00e9l. : 03 80 39 64 33 E-mail : entreprises@iut-dijon.u-bourgogne.fr&hellip;\" \/>\n<meta property=\"og:url\" content=\"https:\/\/iutdijon.u-bourgogne.fr\/www\/relations-entreprises\" \/>\n<meta property=\"og:site_name\" content=\"IUT Dijon-Auxerre-Nevers\" \/>\n<meta property=\"article:modified_time\" content=\"2025-11-12T11:22:49+00:00\" \/>\n<meta property=\"og:image\" content=\"https:\/\/iutdijon.u-bourgogne.fr\/www\/wp-content\/uploads\/2020\/07\/Recruter.jpg\" \/>\n<meta name=\"twitter:card\" content=\"summary_large_image\" \/>\n<script type=\"application\/ld+json\" class=\"yoast-schema-graph\">{\"@context\":\"https:\/\/schema.org\",\"@graph\":[{\"@type\":\"WebSite\",\"@id\":\"https:\/\/iutdijon.u-bourgogne.fr\/www\/#website\",\"url\":\"https:\/\/iutdijon.u-bourgogne.fr\/www\/\",\"name\":\"IUT Dijon-Auxerre-Nevers\",\"description\":\"L&#039;IUT Dijon-Auxerre-Nevers propose des formations post-bac dans les secteurs Informatique, Tertiaire et Industriel. Il d\\u00e9livre des dipl\\u00f4mes \\u00e0 Bac+3 (Bachelors Universitaires de Technologie ou Licences Professionnelles).\",\"potentialAction\":[{\"@type\":\"SearchAction\",\"target\":{\"@type\":\"EntryPoint\",\"urlTemplate\":\"https:\/\/iutdijon.u-bourgogne.fr\/www\/?s={search_term_string}\"},\"query-input\":\"required name=search_term_string\"}],\"inLanguage\":\"fr-FR\"},{\"@type\":\"ImageObject\",\"@id\":\"https:\/\/iutdijon.u-bourgogne.fr\/www\/relations-entreprises#primaryimage\",\"inLanguage\":\"fr-FR\",\"url\":\"https:\/\/iutdijon.u-bourgogne.fr\/www\/wp-content\/uploads\/2020\/07\/Recruter.jpg\",\"contentUrl\":\"https:\/\/iutdijon.u-bourgogne.fr\/www\/wp-content\/uploads\/2020\/07\/Recruter.jpg\",\"width\":383,\"height\":245},{\"@type\":\"WebPage\",\"@id\":\"https:\/\/iutdijon.u-bourgogne.fr\/www\/relations-entreprises#webpage\",\"url\":\"https:\/\/iutdijon.u-bourgogne.fr\/www\/relations-entreprises\",\"name\":\"Entreprises &gt; IUT Dijon-Auxerre-Nevers\",\"isPartOf\":{\"@id\":\"https:\/\/iutdijon.u-bourgogne.fr\/www\/#website\"},\"primaryImageOfPage\":{\"@id\":\"https:\/\/iutdijon.u-bourgogne.fr\/www\/relations-entreprises#primaryimage\"},\"datePublished\":\"2020-07-02T14:41:12+00:00\",\"dateModified\":\"2025-11-12T11:22:49+00:00\",\"breadcrumb\":{\"@id\":\"https:\/\/iutdijon.u-bourgogne.fr\/www\/relations-entreprises#breadcrumb\"},\"inLanguage\":\"fr-FR\",\"potentialAction\":[{\"@type\":\"ReadAction\",\"target\":[\"https:\/\/iutdijon.u-bourgogne.fr\/www\/relations-entreprises\"]}]},{\"@type\":\"BreadcrumbList\",\"@id\":\"https:\/\/iutdijon.u-bourgogne.fr\/www\/relations-entreprises#breadcrumb\",\"itemListElement\":[{\"@type\":\"ListItem\",\"position\":1,\"name\":\"Accueil\",\"item\":\"https:\/\/iutdijon.u-bourgogne.fr\/www\/\"},{\"@type\":\"ListItem\",\"position\":2,\"name\":\"Relations Entreprises\",\"item\":\"https:\/\/iutdijon.u-bourgogne.fr\/www\/category\/relations-entreprises\"},{\"@type\":\"ListItem\",\"position\":3,\"name\":\"Entreprises\"}]}]}<\/script>\n<!-- \/ Yoast SEO plugin. -->","yoast_head_json":{"robots":{"index":"index","follow":"follow","max-snippet":"max-snippet:-1","max-image-preview":"max-image-preview:large","max-video-preview":"max-video-preview:-1"},"canonical":"https:\/\/iutdijon.u-bourgogne.fr\/www\/relations-entreprises","og_locale":"fr_FR","og_type":"article","og_title":"Entreprises &gt; IUT Dijon-Auxerre-Nevers","og_description":"Recruter un \u00e9tudiant ou un alumni Collecte CUFPA Transfert de technologie Contact Relations Entreprises Responsable Relations Entreprises Manitra RAKOTOARISON T\u00e9l. : 03 80 39 64 33 E-mail : entreprises@iut-dijon.u-bourgogne.fr&hellip;","og_url":"https:\/\/iutdijon.u-bourgogne.fr\/www\/relations-entreprises","og_site_name":"IUT Dijon-Auxerre-Nevers","article_modified_time":"2025-11-12T11:22:49+00:00","og_image":[{"url":"https:\/\/iutdijon.u-bourgogne.fr\/www\/wp-content\/uploads\/2020\/07\/Recruter.jpg"}],"twitter_card":"summary_large_image","schema":{"@context":"https:\/\/schema.org","@graph":[{"@type":"WebSite","@id":"https:\/\/iutdijon.u-bourgogne.fr\/www\/#website","url":"https:\/\/iutdijon.u-bourgogne.fr\/www\/","name":"IUT Dijon-Auxerre-Nevers","description":"L&#039;IUT Dijon-Auxerre-Nevers propose des formations post-bac dans les secteurs Informatique, Tertiaire et Industriel. Il d\u00e9livre des dipl\u00f4mes \u00e0 Bac+3 (Bachelors Universitaires de Technologie ou Licences Professionnelles).","potentialAction":[{"@type":"SearchAction","target":{"@type":"EntryPoint","urlTemplate":"https:\/\/iutdijon.u-bourgogne.fr\/www\/?s={search_term_string}"},"query-input":"required name=search_term_string"}],"inLanguage":"fr-FR"},{"@type":"ImageObject","@id":"https:\/\/iutdijon.u-bourgogne.fr\/www\/relations-entreprises#primaryimage","inLanguage":"fr-FR","url":"https:\/\/iutdijon.u-bourgogne.fr\/www\/wp-content\/uploads\/2020\/07\/Recruter.jpg","contentUrl":"https:\/\/iutdijon.u-bourgogne.fr\/www\/wp-content\/uploads\/2020\/07\/Recruter.jpg","width":383,"height":245},{"@type":"WebPage","@id":"https:\/\/iutdijon.u-bourgogne.fr\/www\/relations-entreprises#webpage","url":"https:\/\/iutdijon.u-bourgogne.fr\/www\/relations-entreprises","name":"Entreprises &gt; IUT Dijon-Auxerre-Nevers","isPartOf":{"@id":"https:\/\/iutdijon.u-bourgogne.fr\/www\/#website"},"primaryImageOfPage":{"@id":"https:\/\/iutdijon.u-bourgogne.fr\/www\/relations-entreprises#primaryimage"},"datePublished":"2020-07-02T14:41:12+00:00","dateModified":"2025-11-12T11:22:49+00:00","breadcrumb":{"@id":"https:\/\/iutdijon.u-bourgogne.fr\/www\/relations-entreprises#breadcrumb"},"inLanguage":"fr-FR","potentialAction":[{"@type":"ReadAction","target":["https:\/\/iutdijon.u-bourgogne.fr\/www\/relations-entreprises"]}]},{"@type":"BreadcrumbList","@id":"https:\/\/iutdijon.u-bourgogne.fr\/www\/relations-entreprises#breadcrumb","itemListElement":[{"@type":"ListItem","position":1,"name":"Accueil","item":"https:\/\/iutdijon.u-bourgogne.fr\/www\/"},{"@type":"ListItem","position":2,"name":"Relations Entreprises","item":"https:\/\/iutdijon.u-bourgogne.fr\/www\/category\/relations-entreprises"},{"@type":"ListItem","position":3,"name":"Entreprises"}]}]}},"_links":{"self":[{"href":"https:\/\/iutdijon.u-bourgogne.fr\/www\/wp-json\/wp\/v2\/pages\/2559"}],"collection":[{"href":"https:\/\/iutdijon.u-bourgogne.fr\/www\/wp-json\/wp\/v2\/pages"}],"about":[{"href":"https:\/\/iutdijon.u-bourgogne.fr\/www\/wp-json\/wp\/v2\/types\/page"}],"author":[{"embeddable":true,"href":"https:\/\/iutdijon.u-bourgogne.fr\/www\/wp-json\/wp\/v2\/users\/3185"}],"replies":[{"embeddable":true,"href":"https:\/\/iutdijon.u-bourgogne.fr\/www\/wp-json\/wp\/v2\/comments?post=2559"}],"version-history":[{"count":53,"href":"https:\/\/iutdijon.u-bourgogne.fr\/www\/wp-json\/wp\/v2\/pages\/2559\/revisions"}],"predecessor-version":[{"id":14915,"href":"https:\/\/iutdijon.u-bourgogne.fr\/www\/wp-json\/wp\/v2\/pages\/2559\/revisions\/14915"}],"wp:attachment":[{"href":"https:\/\/iutdijon.u-bourgogne.fr\/www\/wp-json\/wp\/v2\/media?parent=2559"}],"wp:term":[{"taxonomy":"category","embeddable":true,"href":"https:\/\/iutdijon.u-bourgogne.fr\/www\/wp-json\/wp\/v2\/categories?post=2559"},{"taxonomy":"post_tag","embeddable":true,"href":"https:\/\/iutdijon.u-bourgogne.fr\/www\/wp-json\/wp\/v2\/tags?post=2559"}],"curies":[{"name":"wp","href":"https:\/\/api.w.org\/{rel}","templated":true}]}}