{"id":2261,"date":"2020-06-30T14:38:43","date_gmt":"2020-06-30T12:38:43","guid":{"rendered":"https:\/\/iutdijon.u-bourgogne.fr\/www\/?p=2261"},"modified":"2025-03-19T16:26:55","modified_gmt":"2025-03-19T15:26:55","slug":"formations","status":"publish","type":"page","link":"https:\/\/iutdijon.u-bourgogne.fr\/www\/formations","title":{"rendered":"Formations"},"content":{"rendered":"<section class=\"kc-elm kc-css-581821 kc_row\"><div class=\"kc-row-container  kc-container  big-icons\"><div class=\"kc-wrap-columns\"><div class=\"kc-elm kc-css-502328 kc_col-sm-8 kc_column kc_col-sm-8\"><div class=\"kc-col-container\"><div class=\"kc-elm kc-css-240207 kc_row kc_row_inner\"><div class=\"kc-elm kc-css-131533 kc_col-sm-6 kc_column_inner kc_col-sm-6\"><div class=\"kc_wrapper kc-col-inner-container\"><div class=\"kc-elm kc-css-967861 kc_shortcode kc_single_image\">\r\n\r\n        <a  href=\"https:\/\/iutdijon.u-bourgogne.fr\/www\/formations\/but.html\" title=\"Bachelors Universitaires de Technologie\" target=\"_self\">\r\n        <img src=\"https:\/\/iutdijon.u-bourgogne.fr\/www\/wp-content\/uploads\/2020\/11\/img_but_2.jpg\" class=\"\" alt=\"\" \/>\t\t\t    <span>B.U.T.<\/span>\r\n\t        <\/a>\r\n    <\/div>\r\n<\/div><\/div><div class=\"kc-elm kc-css-467276 kc_col-sm-6 kc_column_inner kc_col-sm-6\"><div class=\"kc_wrapper kc-col-inner-container\"><div class=\"kc-elm kc-css-901064 kc_shortcode kc_single_image\">\r\n\r\n        <a  href=\"https:\/\/iutdijon.u-bourgogne.fr\/www\/formations-lps\" title=\"Licences Professionnelles\" target=\"_self\">\r\n        <img src=\"https:\/\/iutdijon.u-bourgogne.fr\/www\/wp-content\/uploads\/2020\/06\/img_licence_pro.jpg\" class=\"\" alt=\"\" \/>\t\t\t    <span>Licences Professionnelles<\/span>\r\n\t        <\/a>\r\n    <\/div>\r\n<\/div><\/div><\/div><div class=\"kc-elm kc-css-916967 kc_row kc_row_inner\"><div class=\"kc-elm kc-css-737315 kc_col-sm-6 kc_column_inner kc_col-sm-6\"><div class=\"kc_wrapper kc-col-inner-container\"><div class=\"kc-elm kc-css-768471 kc_shortcode kc_single_image\">\r\n\r\n        <a  href=\"https:\/\/iutdijon.u-bourgogne.fr\/www\/formations\/du.html\" title=\"DU\" target=\"_self\">\r\n        <img src=\"https:\/\/iutdijon.u-bourgogne.fr\/www\/wp-content\/uploads\/2020\/11\/img_du.jpg\" class=\"\" alt=\"\" \/>\t\t\t    <span>Dipl\u00f4mes universitaires<\/span>\r\n\t        <\/a>\r\n    <\/div>\r\n<\/div><\/div><div class=\"kc-elm kc-css-310589 kc_col-sm-6 kc_column_inner kc_col-sm-6\"><div class=\"kc_wrapper kc-col-inner-container\"><div class=\"kc-elm kc-css-417237 kc_shortcode kc_single_image\">\r\n\r\n        <a  href=\"https:\/\/iutdijon.u-bourgogne.fr\/www\/formations\/se-former-en-alternance.html\" title=\"Se former en alternance\" target=\"_self\">\r\n        <img src=\"https:\/\/iutdijon.u-bourgogne.fr\/www\/wp-content\/uploads\/2020\/07\/Former-ses-salari\u00e9s.jpg\" class=\"\" alt=\"\" \/>\t\t\t    <span>Se former en alternance<\/span>\r\n\t        <\/a>\r\n    <\/div>\r\n<\/div><\/div><\/div><div class=\"kc-elm kc-css-411823 kc_row kc_row_inner\"><div class=\"kc-elm kc-css-694039 kc_col-sm-6 kc_column_inner kc_col-sm-6\"><div class=\"kc_wrapper kc-col-inner-container\"><div class=\"kc-elm kc-css-751067 kc_shortcode kc_single_image\">\r\n\r\n        <a  href=\"https:\/\/iutdijon.u-bourgogne.fr\/www\/formations\/formation-continue-et-vae.html\" title=\"Formation continue et VAE\" target=\"_self\">\r\n        <img src=\"https:\/\/iutdijon.u-bourgogne.fr\/www\/wp-content\/uploads\/2020\/06\/img_formation-continue-vae.jpg\" class=\"\" alt=\"\" \/>\t\t\t    <span>Formation continue et VAE<\/span>\r\n\t        <\/a>\r\n    <\/div>\r\n<\/div><\/div><div class=\"kc-elm kc-css-483336 kc_col-sm-6 kc_column_inner kc_col-sm-6\"><div class=\"kc_wrapper kc-col-inner-container\"><\/div><\/div><\/div><\/div><\/div><div id=\"gk-sidebar\" class=\"kc-elm kc-css-311912 kc_col-sm-4 kc_column kc_col-sm-4\"><div class=\"kc-col-container\"><div class=\"kc-elm kc-css-7156 kc_text_block contacts\"><\/p>\n<h2>Nous contacter<\/h2>\n<ul>\n<li>Campus de Dijon<br \/>\n<span>Boulevard Docteur Petitjean<\/span><br \/>\n<span>BP 17867 &#8211; 21078 Dijon cedex<\/span><br \/>\nT\u00e9l : 03 80 39 65 95<\/li>\n<li>Campus d&rsquo;Auxerre<br \/>\n<span>Routes des Plaines de l&rsquo;Yonne<\/span><br \/>\n<span>89000 Auxerre<\/span><br \/>\n<span>T\u00e9l : 03 86 49 28 20<\/span><\/li>\n<li>Campus de Nevers\u00a0<br \/>\n21 rue de l&rsquo;Universit\u00e9<br \/>\n58000 Nevers<br \/>\nT\u00e9l : 03 80 39 64 02<\/li>\n<\/ul>\n<p>\n<\/div><\/div><\/div><\/div><\/div><\/section>\n","protected":false},"excerpt":{"rendered":"<p>&hellip;<\/p>\n","protected":false},"author":16,"featured_media":0,"parent":0,"menu_order":0,"comment_status":"open","ping_status":"open","template":"","meta":{"_lmt_disableupdate":"no","_lmt_disable":""},"categories":[692],"tags":[],"acf":[],"yoast_head":"<!-- This site is optimized with the Yoast SEO plugin v17.2 - https:\/\/yoast.com\/wordpress\/plugins\/seo\/ -->\n<meta name=\"robots\" content=\"index, follow, max-snippet:-1, max-image-preview:large, max-video-preview:-1\" \/>\n<link rel=\"canonical\" href=\"https:\/\/iutdijon.u-bourgogne.fr\/www\/formations\" \/>\n<meta property=\"og:locale\" content=\"fr_FR\" \/>\n<meta property=\"og:type\" content=\"article\" \/>\n<meta property=\"og:title\" content=\"Formations &gt; IUT Dijon-Auxerre-Nevers\" \/>\n<meta property=\"og:description\" content=\"B.U.T. Licences Professionnelles Dipl\u00f4mes universitaires Se former en alternance Formation continue et VAE Nous contacter Campus de Dijon Boulevard Docteur Petitjean BP 17867 &#8211; 21078 Dijon cedex T\u00e9l : 03 80 39&hellip;\" \/>\n<meta property=\"og:url\" content=\"https:\/\/iutdijon.u-bourgogne.fr\/www\/formations\" \/>\n<meta property=\"og:site_name\" content=\"IUT Dijon-Auxerre-Nevers\" \/>\n<meta property=\"article:modified_time\" content=\"2025-03-19T15:26:55+00:00\" \/>\n<meta property=\"og:image\" content=\"https:\/\/iutdijon.u-bourgogne.fr\/www\/wp-content\/uploads\/2020\/11\/img_but_2.jpg\" \/>\n<meta name=\"twitter:card\" content=\"summary_large_image\" \/>\n<script type=\"application\/ld+json\" class=\"yoast-schema-graph\">{\"@context\":\"https:\/\/schema.org\",\"@graph\":[{\"@type\":\"WebSite\",\"@id\":\"https:\/\/iutdijon.u-bourgogne.fr\/www\/#website\",\"url\":\"https:\/\/iutdijon.u-bourgogne.fr\/www\/\",\"name\":\"IUT Dijon-Auxerre-Nevers\",\"description\":\"L&#039;IUT Dijon-Auxerre-Nevers propose des formations post-bac dans les secteurs Informatique, Tertiaire et Industriel. Il d\\u00e9livre des dipl\\u00f4mes \\u00e0 Bac+3 (Bachelors Universitaires de Technologie ou Licences Professionnelles).\",\"potentialAction\":[{\"@type\":\"SearchAction\",\"target\":{\"@type\":\"EntryPoint\",\"urlTemplate\":\"https:\/\/iutdijon.u-bourgogne.fr\/www\/?s={search_term_string}\"},\"query-input\":\"required name=search_term_string\"}],\"inLanguage\":\"fr-FR\"},{\"@type\":\"ImageObject\",\"@id\":\"https:\/\/iutdijon.u-bourgogne.fr\/www\/formations#primaryimage\",\"inLanguage\":\"fr-FR\",\"url\":\"https:\/\/iutdijon.u-bourgogne.fr\/www\/wp-content\/uploads\/2020\/11\/img_but_2.jpg\",\"contentUrl\":\"https:\/\/iutdijon.u-bourgogne.fr\/www\/wp-content\/uploads\/2020\/11\/img_but_2.jpg\",\"width\":1592,\"height\":1017},{\"@type\":\"WebPage\",\"@id\":\"https:\/\/iutdijon.u-bourgogne.fr\/www\/formations#webpage\",\"url\":\"https:\/\/iutdijon.u-bourgogne.fr\/www\/formations\",\"name\":\"Formations &gt; IUT Dijon-Auxerre-Nevers\",\"isPartOf\":{\"@id\":\"https:\/\/iutdijon.u-bourgogne.fr\/www\/#website\"},\"primaryImageOfPage\":{\"@id\":\"https:\/\/iutdijon.u-bourgogne.fr\/www\/formations#primaryimage\"},\"datePublished\":\"2020-06-30T12:38:43+00:00\",\"dateModified\":\"2025-03-19T15:26:55+00:00\",\"breadcrumb\":{\"@id\":\"https:\/\/iutdijon.u-bourgogne.fr\/www\/formations#breadcrumb\"},\"inLanguage\":\"fr-FR\",\"potentialAction\":[{\"@type\":\"ReadAction\",\"target\":[\"https:\/\/iutdijon.u-bourgogne.fr\/www\/formations\"]}]},{\"@type\":\"BreadcrumbList\",\"@id\":\"https:\/\/iutdijon.u-bourgogne.fr\/www\/formations#breadcrumb\",\"itemListElement\":[{\"@type\":\"ListItem\",\"position\":1,\"name\":\"Accueil\",\"item\":\"https:\/\/iutdijon.u-bourgogne.fr\/www\/\"},{\"@type\":\"ListItem\",\"position\":2,\"name\":\"Formations\",\"item\":\"https:\/\/iutdijon.u-bourgogne.fr\/www\/category\/formations\"},{\"@type\":\"ListItem\",\"position\":3,\"name\":\"Formations\"}]}]}<\/script>\n<!-- \/ Yoast SEO plugin. -->","yoast_head_json":{"robots":{"index":"index","follow":"follow","max-snippet":"max-snippet:-1","max-image-preview":"max-image-preview:large","max-video-preview":"max-video-preview:-1"},"canonical":"https:\/\/iutdijon.u-bourgogne.fr\/www\/formations","og_locale":"fr_FR","og_type":"article","og_title":"Formations &gt; IUT Dijon-Auxerre-Nevers","og_description":"B.U.T. Licences Professionnelles Dipl\u00f4mes universitaires Se former en alternance Formation continue et VAE Nous contacter Campus de Dijon Boulevard Docteur Petitjean BP 17867 &#8211; 21078 Dijon cedex T\u00e9l : 03 80 39&hellip;","og_url":"https:\/\/iutdijon.u-bourgogne.fr\/www\/formations","og_site_name":"IUT Dijon-Auxerre-Nevers","article_modified_time":"2025-03-19T15:26:55+00:00","og_image":[{"url":"https:\/\/iutdijon.u-bourgogne.fr\/www\/wp-content\/uploads\/2020\/11\/img_but_2.jpg"}],"twitter_card":"summary_large_image","schema":{"@context":"https:\/\/schema.org","@graph":[{"@type":"WebSite","@id":"https:\/\/iutdijon.u-bourgogne.fr\/www\/#website","url":"https:\/\/iutdijon.u-bourgogne.fr\/www\/","name":"IUT Dijon-Auxerre-Nevers","description":"L&#039;IUT Dijon-Auxerre-Nevers propose des formations post-bac dans les secteurs Informatique, Tertiaire et Industriel. Il d\u00e9livre des dipl\u00f4mes \u00e0 Bac+3 (Bachelors Universitaires de Technologie ou Licences Professionnelles).","potentialAction":[{"@type":"SearchAction","target":{"@type":"EntryPoint","urlTemplate":"https:\/\/iutdijon.u-bourgogne.fr\/www\/?s={search_term_string}"},"query-input":"required name=search_term_string"}],"inLanguage":"fr-FR"},{"@type":"ImageObject","@id":"https:\/\/iutdijon.u-bourgogne.fr\/www\/formations#primaryimage","inLanguage":"fr-FR","url":"https:\/\/iutdijon.u-bourgogne.fr\/www\/wp-content\/uploads\/2020\/11\/img_but_2.jpg","contentUrl":"https:\/\/iutdijon.u-bourgogne.fr\/www\/wp-content\/uploads\/2020\/11\/img_but_2.jpg","width":1592,"height":1017},{"@type":"WebPage","@id":"https:\/\/iutdijon.u-bourgogne.fr\/www\/formations#webpage","url":"https:\/\/iutdijon.u-bourgogne.fr\/www\/formations","name":"Formations &gt; IUT Dijon-Auxerre-Nevers","isPartOf":{"@id":"https:\/\/iutdijon.u-bourgogne.fr\/www\/#website"},"primaryImageOfPage":{"@id":"https:\/\/iutdijon.u-bourgogne.fr\/www\/formations#primaryimage"},"datePublished":"2020-06-30T12:38:43+00:00","dateModified":"2025-03-19T15:26:55+00:00","breadcrumb":{"@id":"https:\/\/iutdijon.u-bourgogne.fr\/www\/formations#breadcrumb"},"inLanguage":"fr-FR","potentialAction":[{"@type":"ReadAction","target":["https:\/\/iutdijon.u-bourgogne.fr\/www\/formations"]}]},{"@type":"BreadcrumbList","@id":"https:\/\/iutdijon.u-bourgogne.fr\/www\/formations#breadcrumb","itemListElement":[{"@type":"ListItem","position":1,"name":"Accueil","item":"https:\/\/iutdijon.u-bourgogne.fr\/www\/"},{"@type":"ListItem","position":2,"name":"Formations","item":"https:\/\/iutdijon.u-bourgogne.fr\/www\/category\/formations"},{"@type":"ListItem","position":3,"name":"Formations"}]}]}},"_links":{"self":[{"href":"https:\/\/iutdijon.u-bourgogne.fr\/www\/wp-json\/wp\/v2\/pages\/2261"}],"collection":[{"href":"https:\/\/iutdijon.u-bourgogne.fr\/www\/wp-json\/wp\/v2\/pages"}],"about":[{"href":"https:\/\/iutdijon.u-bourgogne.fr\/www\/wp-json\/wp\/v2\/types\/page"}],"author":[{"embeddable":true,"href":"https:\/\/iutdijon.u-bourgogne.fr\/www\/wp-json\/wp\/v2\/users\/16"}],"replies":[{"embeddable":true,"href":"https:\/\/iutdijon.u-bourgogne.fr\/www\/wp-json\/wp\/v2\/comments?post=2261"}],"version-history":[{"count":61,"href":"https:\/\/iutdijon.u-bourgogne.fr\/www\/wp-json\/wp\/v2\/pages\/2261\/revisions"}],"predecessor-version":[{"id":14422,"href":"https:\/\/iutdijon.u-bourgogne.fr\/www\/wp-json\/wp\/v2\/pages\/2261\/revisions\/14422"}],"wp:attachment":[{"href":"https:\/\/iutdijon.u-bourgogne.fr\/www\/wp-json\/wp\/v2\/media?parent=2261"}],"wp:term":[{"taxonomy":"category","embeddable":true,"href":"https:\/\/iutdijon.u-bourgogne.fr\/www\/wp-json\/wp\/v2\/categories?post=2261"},{"taxonomy":"post_tag","embeddable":true,"href":"https:\/\/iutdijon.u-bourgogne.fr\/www\/wp-json\/wp\/v2\/tags?post=2261"}],"curies":[{"name":"wp","href":"https:\/\/api.w.org\/{rel}","templated":true}]}}