{"id":7,"date":"2020-09-13T19:47:26","date_gmt":"2020-09-13T17:47:26","guid":{"rendered":"https:\/\/iutdijon.u-bourgogne.fr\/journeesppp2020\/mesmerize-pro\/"},"modified":"2020-11-03T10:35:14","modified_gmt":"2020-11-03T09:35:14","slug":"mesmerize-pro","status":"publish","type":"page","link":"https:\/\/iutdijon.u-bourgogne.fr\/journeesppp2020\/","title":{"rendered":"Front Page"},"content":{"rendered":"<div  data-label=\"Accueil\" data-id=\"about--1\" data-export-id=\"about-9\" data-category=\"about\" class=\"about-9 content-section content-section-spacing\" id=\"accueil\" style=\"background-color: rgb(245, 250, 253);\"><div  class=\"gridContainer\"> <div  class=\"row middle-sm text-center\"><div  class=\"col-sm-5 space-bottom-xs content-column content-right-sm\" data-type=\"column\">   <h3  class=\"\">Quelle place donner au PPP dans le Bachelor Universitaire de Technologie, formation orient\u00e9e Approche Par Comp\u00e9tences (APC) ?<\/h3><p  class=\"\">Apr\u00e8s une \u00e9dition 2019 organis\u00e9e \u00e0 Besan\u00e7on, les Journ\u00e9es PPP 2020 s\u2019invitent cette ann\u00e9e dans la cit\u00e9 des Ducs de Bourgogne.<\/p> <a class=\"button color1\" href=\"https:\/\/iutdijon.u-bourgogne.fr\/journeesppp2020\/wp-content\/uploads\/2020\/09\/LETTRE_INVITATION_JOURNEES_PPP_2020-1.pdf\" target=\"_self\" data-cp-link=\"1\" data-icon=\"\" rel=\"noopener noreferrer\">Consulter la lettre d\u2019invitation<\/a><\/div> <div  class=\"col-sm-7 flexbox flexbox middle-xs center-xs space-bottom-xs\"><div  class=\"overlay-box flexbox middle-xs center-xs overlay-holder \"> <div  class=\"overlay-box-offset offset-background shadow-medium bg-color2 hide-xs\"><\/div> <img  class=\"flexbox shadow-large img1\" src=\"https:\/\/iutdijon.u-bourgogne.fr\/journeesppp2020\/wp-content\/uploads\/2020\/09\/cropped-@Daria-PLANTAK-10-1.jpg\" data-size=\"600x400\" alt=\"\" title=\"cropped-@Daria-PLANTAK-10-1.jpg\"><\/div> <\/div><\/div> <\/div><\/div><div  data-label=\"Cta\" data-id=\"cta--1\" data-export-id=\"cta-blue-section\" data-category=\"cta\" class=\"cta-blue-section content-section content-section-spacing-medium bg-color1 white-text\" id=\"cta-1\"><div  class=\"gridContainer\"> <div  class=\"row middle-xs\"><div  class=\"col-sm-8 space-bottom-xs\" data-type=\"column\">  <p  class=\"\">Les inscriptions sont closes : le nombre limite de participants est d\u00e9sormais atteint. Vous pouvez <a data-mce-href=\"https:\/\/docs.google.com\/forms\/d\/e\/1FAIpQLSeNSbc0YPMRg_UTlj9oQAUOgIqFu8VTECiBSd0BXG4f1aTaaA\/viewform\" href=\"https:\/\/docs.google.com\/forms\/d\/e\/1FAIpQLSeNSbc0YPMRg_UTlj9oQAUOgIqFu8VTECiBSd0BXG4f1aTaaA\/viewform\" target=\"_self\" data-mce-selected=\"inline-boundary\" data-cp-link=\"1\" rel=\"noopener noreferrer\" class=\"\">vous inscrire sur liste d\u2019attente.<\/a><\/p><\/div> <div  class=\"col-sm-4 end-sm\" data-type=\"column\"><div  data-editable=\"true\" data-name=\"ope-widgets-area\" data-content-shortcode=\"mesmerize_display_widgets_area id=&quot;&quot; \" class=\"\"><div data-name=\"mesmerize-widgets-area\"><\/div><\/div> <\/div> <\/div><\/div> <\/div><div  data-label=\"Mesures sanitaires\" data-id=\"content--1\" data-export-id=\"content-8\" data-category=\"content\" class=\"content-8 content-section content-section-spacing\" id=\"mesures-sanitaires\" style=\"background-color: rgb(245, 250, 253);\"><div  class=\"gridContainer\"> <div  class=\"row middle-sm\"><div  class=\"col-sm-6 space-bottom-xs space-top-xs\" data-type=\"column\"> <img  class=\"shadow-large\" src=\"https:\/\/iutdijon.u-bourgogne.fr\/journeesppp2020\/wp-content\/uploads\/2020\/09\/cropped-PRESENTIEL_DISTANCIEL-scaled-2.jpg\" alt=\"\" title=\"cropped-PRESENTIEL_DISTANCIEL-scaled-2.jpg\"><\/div> <div  class=\"col-sm-6\" data-type=\"column\"><h3  class=\"\">Suite aux derni\u00e8res mesures gouvernementales, les journ\u00e9es PPP auront lieu uniquement en distanciel via Microsoft Teams.&nbsp;<\/h3>  <p  class=\"\"><span  style=\"font-weight: 400;\">Un<\/span>e proc\u00e9dure via Microsoft Teams a \u00e9t\u00e9 mise en place afin de vous permettre&nbsp;de&nbsp;participer en distanciel.&nbsp;\n<br >En amont de l\u2019\u00e9v\u00e9nement,&nbsp;vous recevrez un e-mail contenant votre ordre de passage dans les diff\u00e9rents ateliers, ainsi que les horaires de ces derniers.&nbsp;\n<br >Il ne vous restera ensuite qu\u2019\u00e0 vous connecter au canal de l\u2019\u00e9v\u00e9nement <a data-mce-href=\"https:\/\/teams.microsoft.com\/l\/channel\/19%3a1669032108734e389013390e175869ab%40thread.tacv2\/G%25C3%25A9n%25C3%25A9ral?groupId=1ba065ae-8acc-43d2-ab66-b8372ce7b593&amp;tenantId=2fa58faf-7eb1-48b9-9964-a92659d1c5b8\" href=\"https:\/\/teams.microsoft.com\/l\/channel\/19%3a1669032108734e389013390e175869ab%40thread.tacv2\/G%25C3%25A9n%25C3%25A9ral?groupId=1ba065ae-8acc-43d2-ab66-b8372ce7b593&amp;tenantId=2fa58faf-7eb1-48b9-9964-a92659d1c5b8\" target=\"_self\" data-mce-selected=\"inline-boundary\" data-cp-link=\"1\" rel=\"noopener noreferrer\" class=\"\">via ce lien<\/a> quelques minutes avant le d\u00e9but de&nbsp;votre atelier.<\/p><a class=\"button color1\" href=\"https:\/\/iutdijon.u-bourgogne.fr\/journeesppp2020\/rejoindre-les-journees-ppp-dijon-via-teams\" target=\"_self\" data-cp-link=\"1\" data-icon=\"\" rel=\"noopener noreferrer\">D\u00e9couvrir nos tutoriels Microsoft Teams<\/a><\/div> <\/div><\/div> <\/div><div  data-label=\"\u00c9quipe organisatrice\" data-id=\"team--1\" data-export-id=\"team-5\" data-category=\"team\" class=\"team-5 content-section content-section-spacing\" id=\"equipe-organisatrice\" style=\"background-color: rgb(245, 250, 253);\"><div  class=\"gridContainer\"> <div  class=\"row text-center\"><div  class=\"section-title-col\" data-type=\"column\"> <h2  class=\"\">\u00c9quipe organisatrice<\/h2> <h4  class=\"\">Notre \u00e9quipe compos\u00e9e d\u2019acteurs du r\u00e9seau PPP a \u0153uvr\u00e9 pour vous offrir une exp\u00e9rience dijonnaise agr\u00e9able et dans le respect des mesures sanitaires actuelles.<\/h4><\/div> <\/div> <div  class=\"row spaced-cols content-center-sm center-sm\" data-type=\"row\"> <div  class=\"col-xs-12 col-sm-6 col-md-3 col-padding\"> <div  class=\"row \"> <div  data-type=\"column\" class=\"col-xs-12 col-sm-12\">  <img  class=\"round face\" src=\"https:\/\/iutdijon.u-bourgogne.fr\/journeesppp2020\/wp-content\/uploads\/2020\/09\/cropped-PHILIPPE_AUBEUF.jpg\" alt=\"\" title=\"cropped-PHILIPPE_AUBEUF.jpg\"><h4  class=\"font-500\">Philippe AUBEUF<\/h4> <p  class=\"italic\">R\u00e9f\u00e9rent PPP IUT de Besan\u00e7on Vesoul  \u2013 Enseignant en  GEA<\/p>  <div  class=\"social-icons-group\" data-type=\"group\"> <a href=\"#\" target=\"_self\" data-reiki-hidden=\"true\" rel=\"noopener noreferrer\"><i  class=\"fa icon fa-facebook-square gray\"><\/i><\/a> <a href=\"#\" target=\"_self\" data-reiki-hidden=\"true\" rel=\"noopener noreferrer\"><i  class=\"fa icon fa-twitter-square gray\"><\/i><\/a> <a href=\"#\" target=\"_self\" data-reiki-hidden=\"true\" rel=\"noopener noreferrer\"><i  class=\"fa icon fa-linkedin-square gray\"><\/i><\/a> <a href=\"#\" target=\"_self\" data-reiki-hidden=\"true\" rel=\"noopener noreferrer\"><i  class=\"fa icon fa-google-plus-square gray\"><\/i><\/a><\/div> <\/div><\/div> <\/div> <div  class=\"col-xs-12 col-sm-6 col-md-3 col-padding\"> <div  class=\"row \"> <div  data-type=\"column\" class=\"col-xs-12 col-sm-12\"> <img  class=\"round face\" src=\"https:\/\/iutdijon.u-bourgogne.fr\/journeesppp2020\/wp-content\/uploads\/2020\/09\/cropped-YOUCEF_BOUSALHAM.jpg\" alt=\"\" title=\"cropped-YOUCEF_BOUSALHAM.jpg\"> <h4  class=\"font-500\">Youcef BOUSALHAM<\/h4> <p  class=\"italic\">R\u00e9f\u00e9rent PPP IUT d\u2019Evreux<\/p>  <div  class=\"social-icons-group\" data-type=\"group\"> <a href=\"#\" target=\"_self\" data-reiki-hidden=\"true\" rel=\"noopener noreferrer\"><i  class=\"fa icon fa-facebook-square gray\"><\/i><\/a> <a href=\"#\" target=\"_self\" data-reiki-hidden=\"true\" rel=\"noopener noreferrer\"><i  class=\"fa icon fa-twitter-square gray\"><\/i><\/a> <a href=\"#\" target=\"_self\" data-reiki-hidden=\"true\" rel=\"noopener noreferrer\"><i  class=\"fa icon fa-linkedin-square gray\"><\/i><\/a> <a href=\"#\" target=\"_self\" data-reiki-hidden=\"true\" rel=\"noopener noreferrer\"><i  class=\"fa icon fa-google-plus-square gray\"><\/i><\/a><\/div> <\/div><\/div> <\/div> <div  class=\"col-xs-12 col-sm-6 col-md-3 col-padding\"> <div  class=\"row \"> <div  data-type=\"column\" class=\"col-xs-12 col-sm-12\"> <img  class=\"round face\" src=\"https:\/\/iutdijon.u-bourgogne.fr\/journeesppp2020\/wp-content\/uploads\/2020\/09\/cropped-DELPHINE_COMBROUZE.jpg\" alt=\"\" title=\"cropped-DELPHINE_COMBROUZE.jpg\"> <h4  class=\"font-500\">Delphine COMBROUZE<\/h4> <p  class=\"italic\">R\u00e9f\u00e9rente PPP IUT de Reims\n<br >Enseignante en communication\n<br >DP d\u2019une LP Banque Assurance<\/p>  <div  class=\"social-icons-group\" data-type=\"group\"> <a href=\"#\" target=\"_self\" data-reiki-hidden=\"true\" rel=\"noopener noreferrer\"><i  class=\"fa icon fa-facebook-square gray\"><\/i><\/a> <a href=\"#\" target=\"_self\" data-reiki-hidden=\"true\" rel=\"noopener noreferrer\"><i  class=\"fa icon fa-twitter-square gray\"><\/i><\/a> <a href=\"#\" target=\"_self\" data-reiki-hidden=\"true\" rel=\"noopener noreferrer\"><i  class=\"fa icon fa-linkedin-square gray\"><\/i><\/a> <a href=\"#\" target=\"_self\" data-reiki-hidden=\"true\" rel=\"noopener noreferrer\"><i  class=\"fa icon fa-google-plus-square gray\"><\/i><\/a><\/div> <\/div><\/div> <\/div> <div  class=\"col-xs-12 col-sm-6 col-md-3 col-padding\"> <div  class=\"row \"> <div  data-type=\"column\" class=\"col-xs-12 col-sm-12\"> <img  class=\"round face\" src=\"https:\/\/iutdijon.u-bourgogne.fr\/journeesppp2020\/wp-content\/uploads\/2020\/09\/cropped-DELPHINE_DAMBRUN-1.jpg\" alt=\"\" title=\"cropped-DELPHINE_DAMBRUN-1.jpg\"> <h4  class=\"font-500\">Delphine DAMBRUN<\/h4> <p  class=\"italic\">R\u00e9f\u00e9rente PPP IUT de Dijon-Auxerre\n<br >Enseignante en Conception M\u00e9canique<\/p>  <div  class=\"social-icons-group\" data-type=\"group\"> <a href=\"#\" target=\"_self\" data-reiki-hidden=\"true\" rel=\"noopener noreferrer\"><i  class=\"fa icon fa-facebook-square gray\"><\/i><\/a> <a href=\"#\" target=\"_self\" data-reiki-hidden=\"true\" rel=\"noopener noreferrer\"><i  class=\"fa icon fa-twitter-square gray\"><\/i><\/a> <a href=\"#\" target=\"_self\" data-reiki-hidden=\"true\" rel=\"noopener noreferrer\"><i  class=\"fa icon fa-linkedin-square gray\"><\/i><\/a> <a href=\"#\" target=\"_self\" data-reiki-hidden=\"true\" rel=\"noopener noreferrer\"><i  class=\"fa icon fa-google-plus-square gray\"><\/i><\/a><\/div> <\/div><\/div> <\/div> <div  class=\"col-xs-12 col-sm-6 col-md-3 col-padding\"> <div  class=\"row \"> <div  data-type=\"column\" class=\"col-xs-12 col-sm-12\">  <img  class=\"round face\" src=\"https:\/\/iutdijon.u-bourgogne.fr\/journeesppp2020\/wp-content\/uploads\/2020\/09\/cropped-PATRICK_DANAUDIERE-1.jpg\" alt=\"\" title=\"cropped-PATRICK_DANAUDIERE-1.jpg\"><h4  class=\"font-500\">Patrick DANAUDI\u00c8RE<\/h4> <p  class=\"italic\">Directeur de l\u2019IUT de Dijon-Auxerre<\/p>  <div  class=\"social-icons-group\" data-type=\"group\"> <a href=\"#\" target=\"_self\" data-reiki-hidden=\"true\" rel=\"noopener noreferrer\"><i  class=\"fa icon fa-facebook-square gray\"><\/i><\/a> <a href=\"#\" target=\"_self\" data-reiki-hidden=\"true\" rel=\"noopener noreferrer\"><i  class=\"fa icon fa-twitter-square gray\"><\/i><\/a> <a href=\"#\" target=\"_self\" data-reiki-hidden=\"true\" rel=\"noopener noreferrer\"><i  class=\"fa icon fa-linkedin-square gray\"><\/i><\/a> <a href=\"#\" target=\"_self\" data-reiki-hidden=\"true\" rel=\"noopener noreferrer\"><i  class=\"fa icon fa-google-plus-square gray\"><\/i><\/a><\/div> <\/div><\/div> <\/div>  <div  class=\"col-xs-12 col-sm-6 col-md-3 col-padding\"> <div  class=\"row \"> <div  data-type=\"column\" class=\"col-xs-12 col-sm-12\">  <img  class=\"round face\" src=\"https:\/\/iutdijon.u-bourgogne.fr\/journeesppp2020\/wp-content\/uploads\/2020\/09\/cropped-ROMAIN-LACORD-1.jpg\" alt=\"\" title=\"cropped-ROMAIN-LACORD-1.jpg\"><h4  class=\"font-500\">Romain LACORD<\/h4> <p  class=\"italic\">Coordonnateur-r\u00e9f\u00e9rent Expression-Communication et PPP du d\u00e9partement TC IUT de Lille<\/p>  <div  class=\"social-icons-group\" data-type=\"group\"> <a href=\"#\" target=\"_self\" data-reiki-hidden=\"true\" rel=\"noopener noreferrer\"><i  class=\"fa icon fa-facebook-square gray\"><\/i><\/a> <a href=\"#\" target=\"_self\" data-reiki-hidden=\"true\" rel=\"noopener noreferrer\"><i  class=\"fa icon fa-twitter-square gray\"><\/i><\/a> <a href=\"#\" target=\"_self\" data-reiki-hidden=\"true\" rel=\"noopener noreferrer\"><i  class=\"fa icon fa-linkedin-square gray\"><\/i><\/a> <a href=\"#\" target=\"_self\" data-reiki-hidden=\"true\" rel=\"noopener noreferrer\"><i  class=\"fa icon fa-google-plus-square gray\"><\/i><\/a><\/div> <\/div><\/div> <\/div><div  class=\"col-xs-12 col-sm-6 col-md-3 col-padding\"> <div  class=\"row \"> <div  data-type=\"column\" class=\"col-xs-12 col-sm-12\"> <img  class=\"round face\" src=\"https:\/\/iutdijon.u-bourgogne.fr\/journeesppp2020\/wp-content\/uploads\/2020\/09\/cropped-PHILIPPE_LAVALLEE-1.png\" alt=\"\" title=\"cropped-PHILIPPE_LAVALLEE-1.png\"> <h4  class=\"font-500\">Philippe LAVALL\u00c9E<\/h4> <p  class=\"italic\">R\u00e9f\u00e9rent PPP Le Havre-Enseignant \u00e0 l\u2019IUT GEII<\/p>  <div  class=\"social-icons-group\" data-type=\"group\"> <a href=\"#\" target=\"_self\" data-reiki-hidden=\"true\" rel=\"noopener noreferrer\"><i  class=\"fa icon fa-facebook-square gray\"><\/i><\/a> <a href=\"#\" target=\"_self\" data-reiki-hidden=\"true\" rel=\"noopener noreferrer\"><i  class=\"fa icon fa-twitter-square gray\"><\/i><\/a> <a href=\"#\" target=\"_self\" data-reiki-hidden=\"true\" rel=\"noopener noreferrer\"><i  class=\"fa icon fa-linkedin-square gray\"><\/i><\/a> <a href=\"#\" target=\"_self\" data-reiki-hidden=\"true\" rel=\"noopener noreferrer\"><i  class=\"fa icon fa-google-plus-square gray\"><\/i><\/a><\/div> <\/div><\/div> <\/div> <div  class=\"col-xs-12 col-sm-6 col-md-3 col-padding\"> <div  class=\"row \"> <div  data-type=\"column\" class=\"col-xs-12 col-sm-12\"> <img  class=\"round face\" src=\"https:\/\/iutdijon.u-bourgogne.fr\/journeesppp2020\/wp-content\/uploads\/2020\/09\/cropped-MERIEM_OLLER.jpg\" alt=\"\" title=\"cropped-MERIEM_OLLER.jpg\"> <h4  class=\"font-500\">Meriem OLLER<\/h4> <p  class=\"italic\">Responsable du Centre de Comp\u00e9tences et des M\u00e9tiers, Animatrice r\u00e9seau PPP Grenoble 2<\/p>  <div  class=\"social-icons-group\" data-type=\"group\"> <a href=\"#\" target=\"_self\" data-reiki-hidden=\"true\" rel=\"noopener noreferrer\"><i  class=\"fa icon fa-facebook-square gray\"><\/i><\/a> <a href=\"#\" target=\"_self\" data-reiki-hidden=\"true\" rel=\"noopener noreferrer\"><i  class=\"fa icon fa-twitter-square gray\"><\/i><\/a> <a href=\"#\" target=\"_self\" data-reiki-hidden=\"true\" rel=\"noopener noreferrer\"><i  class=\"fa icon fa-linkedin-square gray\"><\/i><\/a> <a href=\"#\" target=\"_self\" data-reiki-hidden=\"true\" rel=\"noopener noreferrer\"><i  class=\"fa icon fa-google-plus-square gray\"><\/i><\/a><\/div> <\/div><\/div> <\/div><div  class=\"col-xs-12 col-sm-6 col-md-3 col-padding\"> <div  class=\"row \"> <div  data-type=\"column\" class=\"col-xs-12 col-sm-12\">  <img  class=\"round face\" src=\"https:\/\/iutdijon.u-bourgogne.fr\/journeesppp2020\/wp-content\/uploads\/2020\/09\/cropped-FREDERIC_DROUHIN.jpg\" alt=\"\" title=\"cropped-FREDERIC_DROUHIN.jpg\"><h4  class=\"font-500\">Fr\u00e9d\u00e9ric DOUHIN<\/h4> <p  class=\"italic\">R\u00e9f\u00e9rent PPP pour l\u2019IUT de Colmar\n<br >Accompagne les \u00e9tudiants dans le cadre de la  PLIUT<\/p>  <div  class=\"social-icons-group\" data-type=\"group\"> <a href=\"#\" target=\"_self\" data-reiki-hidden=\"true\" rel=\"noopener noreferrer\"><i  class=\"fa icon fa-facebook-square gray\"><\/i><\/a> <a href=\"#\" target=\"_self\" data-reiki-hidden=\"true\" rel=\"noopener noreferrer\"><i  class=\"fa icon fa-twitter-square gray\"><\/i><\/a> <a href=\"#\" target=\"_self\" data-reiki-hidden=\"true\" rel=\"noopener noreferrer\"><i  class=\"fa icon fa-linkedin-square gray\"><\/i><\/a> <a href=\"#\" target=\"_self\" data-reiki-hidden=\"true\" rel=\"noopener noreferrer\"><i  class=\"fa icon fa-google-plus-square gray\"><\/i><\/a><\/div> <\/div><\/div> <\/div><div  class=\"col-xs-12 col-sm-6 col-md-3 col-padding\"> <div  class=\"row \"> <div  data-type=\"column\" class=\"col-xs-12 col-sm-12\">  <img  class=\"round face\" src=\"https:\/\/iutdijon.u-bourgogne.fr\/journeesppp2020\/wp-content\/uploads\/2020\/09\/cropped-XAVIER_SENSE.jpg\" alt=\"\" title=\"cropped-XAVIER_SENSE.jpg\"><h4  class=\"font-500\">Xavier SENSE<\/h4> <p  class=\"italic\">Directeur de l\u2019IUT de Paris \u2013 Rives de Seine<\/p>  <div  class=\"social-icons-group\" data-type=\"group\"> <a href=\"#\" target=\"_self\" data-reiki-hidden=\"true\" rel=\"noopener noreferrer\"><i  class=\"fa icon fa-facebook-square gray\"><\/i><\/a> <a href=\"#\" target=\"_self\" data-reiki-hidden=\"true\" rel=\"noopener noreferrer\"><i  class=\"fa icon fa-twitter-square gray\"><\/i><\/a> <a href=\"#\" target=\"_self\" data-reiki-hidden=\"true\" rel=\"noopener noreferrer\"><i  class=\"fa icon fa-linkedin-square gray\"><\/i><\/a> <a href=\"#\" target=\"_self\" data-reiki-hidden=\"true\" rel=\"noopener noreferrer\"><i  class=\"fa icon fa-google-plus-square gray\"><\/i><\/a><\/div> <\/div><\/div> <\/div><\/div> <\/div><\/div><div  data-label=\"Clients\" data-id=\"clients--1\" data-export-id=\"clients-1\" data-category=\"clients\" class=\"clients-1 content-section content-section-spacing\" id=\"clients-1\" style=\"background-color: rgb(255, 255, 255);\"><div  class=\"gridContainer\"> <div  class=\"row middle-sm\"><div  data-type=\"column\" class=\"col-sm-6 space-bottom-xs\">  <\/div> <div  class=\"col-sm-6\"><div  data-type=\"row\" class=\"row spaced-cols center-xs padding-lr\">  <div  class=\"col-xs-3\"> <a data-cp-link=\"1\" href=\"https:\/\/www.iut.fr\" class=\"\" target=\"_self\" rel=\"noopener noreferrer\"><img  src=\"https:\/\/iutdijon.u-bourgogne.fr\/journeesppp2020\/wp-content\/uploads\/2020\/09\/cropped-LOGO-ADIUT-1.png\" class=\"desaturate\" alt=\"\" title=\"cropped-ADIUT_-4.jpg\"><\/a><\/div>  <div  class=\"col-xs-3\"> <a data-cp-link=\"1\" href=\"https:\/\/iutdijon.u-bourgogne.fr\/www\" class=\"\" target=\"_self\" rel=\"noopener noreferrer\"><img  src=\"https:\/\/iutdijon.u-bourgogne.fr\/journeesppp2020\/wp-content\/uploads\/2020\/09\/cropped-IUT-Dijon-Auxerre-4.jpg\" class=\"desaturate\" alt=\"\" title=\"cropped-ADIUT_-4.jpg\"><\/a><\/div><div  class=\"col-xs-3\"> <a data-cp-link=\"1\" href=\"https:\/\/www.u-bourgogne.f\" class=\"\" target=\"_self\" rel=\"noopener noreferrer\"><img  src=\"https:\/\/iutdijon.u-bourgogne.fr\/journeesppp2020\/wp-content\/uploads\/2020\/09\/cropped-Universite-de-Bourgogne8-7.jpg\" class=\"desaturate\" alt=\"\" title=\"cropped-Universite-de-Bourgogne8-4.jpg\"><\/a><\/div> <\/div><\/div> <\/div><\/div> <\/div>","protected":false},"excerpt":{"rendered":"<p>Quelle place donner au PPP dans le Bachelor Universitaire de Technologie, formation orient\u00e9e Approche Par Comp\u00e9tences (APC) ?Apr\u00e8s une \u00e9dition 2019 organis\u00e9e \u00e0 Besan\u00e7on, les Journ\u00e9es PPP 2020 s\u2019invitent cette ann\u00e9e dans la cit\u00e9 des Ducs de Bourgogne. Consulter la lettre d\u2019invitation Les inscriptions sont closes : le nombre limite de participants est d\u00e9sormais atteint.&hellip; <br \/> <a class=\"read-more\" href=\"https:\/\/iutdijon.u-bourgogne.fr\/journeesppp2020\/\">Read more<\/a><\/p>\n","protected":false},"author":1,"featured_media":0,"parent":0,"menu_order":0,"comment_status":"closed","ping_status":"closed","template":"page-templates\/homepage.php","meta":[],"_links":{"self":[{"href":"https:\/\/iutdijon.u-bourgogne.fr\/journeesppp2020\/wp-json\/wp\/v2\/pages\/7"}],"collection":[{"href":"https:\/\/iutdijon.u-bourgogne.fr\/journeesppp2020\/wp-json\/wp\/v2\/pages"}],"about":[{"href":"https:\/\/iutdijon.u-bourgogne.fr\/journeesppp2020\/wp-json\/wp\/v2\/types\/page"}],"author":[{"embeddable":true,"href":"https:\/\/iutdijon.u-bourgogne.fr\/journeesppp2020\/wp-json\/wp\/v2\/users\/1"}],"replies":[{"embeddable":true,"href":"https:\/\/iutdijon.u-bourgogne.fr\/journeesppp2020\/wp-json\/wp\/v2\/comments?post=7"}],"version-history":[{"count":76,"href":"https:\/\/iutdijon.u-bourgogne.fr\/journeesppp2020\/wp-json\/wp\/v2\/pages\/7\/revisions"}],"predecessor-version":[{"id":833,"href":"https:\/\/iutdijon.u-bourgogne.fr\/journeesppp2020\/wp-json\/wp\/v2\/pages\/7\/revisions\/833"}],"wp:attachment":[{"href":"https:\/\/iutdijon.u-bourgogne.fr\/journeesppp2020\/wp-json\/wp\/v2\/media?parent=7"}],"curies":[{"name":"wp","href":"https:\/\/api.w.org\/{rel}","templated":true}]}}