{"id":694,"date":"2020-09-25T15:40:09","date_gmt":"2020-09-25T13:40:09","guid":{"rendered":"https:\/\/iutdijon.u-bourgogne.fr\/journeesppp2020\/?page_id=694"},"modified":"2020-09-28T07:54:27","modified_gmt":"2020-09-28T05:54:27","slug":"infos-pratiques","status":"publish","type":"page","link":"https:\/\/iutdijon.u-bourgogne.fr\/journeesppp2020\/infos-pratiques\/","title":{"rendered":"Infos pratiques"},"content":{"rendered":"<div  data-label=\"Infos pratiques\" data-id=\"content--1\" data-export-id=\"content-15\" data-category=\"content\" class=\"content-15 content-section content-section-spacing\" id=\"infos-pratiques\" style=\"background-color: rgb(255, 255, 255);\"><div  class=\"gridContainer\"> <div  class=\"row middle-sm\"><div  class=\"col-sm-6 flexbox around-xs top-xs space-bottom-xs space-top-xs\"> <div  class=\"overlay-box flexbox middle-xs center-xs overlay-holder\"><div  class=\"overlay-box-offset offset-border shadow-medium border-color2 hide-xs\"><\/div> <img  class=\"flexbox shadow-large img1\" data-size=\"500x500\" src=\"https:\/\/iutdijon.u-bourgogne.fr\/journeesppp2020\/wp-content\/uploads\/2020\/09\/cropped-TRAM.jpg\" alt=\"\" title=\"cropped-TRAM.jpg\"><\/div> <\/div> <div  class=\"col-sm-6\" data-type=\"column\"> <h2  class=\"\">Venir \u00e0 l\u2019IUT<\/h2> <p  class=\"\">Avant votre venue, vous pouvez t\u00e9l\u00e9charger <a data-mce-href=\"https:\/\/www.u-bourgogne.fr\/images\/stories\/Vie-des-campus\/plan-campus-dijon.pdf\" href=\"https:\/\/www.u-bourgogne.fr\/images\/stories\/Vie-des-campus\/plan-campus-dijon.pdf\" target=\"_self\" data-mce-selected=\"inline-boundary\" data-cp-link=\"1\" rel=\"noopener noreferrer\" class=\"\">le plan du campus ici<\/a> et l\u2019application Divia depuis l\u2019App Store ou le Google play afin d\u2019acc\u00e9der aux meilleurs itin\u00e9raires en temps r\u00e9el. Il est possible de venir au campus depuis la gare en utilisant le tram ou le bus.&nbsp;<br >\r\n<span  style=\"text-decoration: underline; font-weight: 600;\">En tram :<\/span><br >\r\nLigne T1 direction Qu\u00e9tigny Centre : descendre aux arr\u00eats Erasme ou Universit\u00e9<br >\r\n<span  style=\"text-decoration: underline;\"><span  style=\"font-weight: 600;\">En bus :<\/span><\/span><br >\r\nLiane 5 direction Universit\u00e9 : descendre \u00e0 l\u2019arr\u00eat IUT<\/p> <a class=\"button color1\" href=\"https:\/\/www.divia.fr\/bus-tram\" target=\"_self\" data-cp-link=\"1\" data-icon=\"\" rel=\"noopener noreferrer\">Consulter le site de Divia<\/a><\/div> <\/div><\/div> <\/div><div  data-label=\"Content\" data-id=\"content--2\" data-export-id=\"content-16\" data-category=\"content\" class=\"content-16 content-section content-section-spacing\" id=\"content-1\" style=\"background-color: rgb(255, 255, 255);\"><div  class=\"gridContainer\"> <div  class=\"row middle-sm\"><div  class=\"col-sm-6 space-bottom-xs\" data-type=\"column\"> <h2  class=\"\">Se loger \u00e0 Dijon<\/h2> <p  class=\"\">Nous vous conseillons de vous loger au centre-ville de Dijon, de pr\u00e9f\u00e9rence non loin de la ligne de tram T1 ou de la ligne de bus Liane 5.&nbsp;\r\n\r\n<br >Voici quelques adresses :&nbsp;\r\n<br >\u2013 H\u00f4tel Le Chambellan&nbsp;:&nbsp;<a data-mce-href=\"https:\/\/www.hotel-chambellan.com\/\" href=\"https:\/\/www.hotel-chambellan.com\" target=\"_self\" data-mce-selected=\"inline-boundary\" data-cp-link=\"1\" rel=\"noopener noreferrer\" class=\"\">site web<\/a><br >\u2013 H\u00f4tel Ibis Styles Dijon Central&nbsp;:&nbsp;<a data-mce-href=\"https:\/\/www.hotel-ibiscentral-dijon.fr\/\" href=\"https:\/\/www.hotel-ibiscentral-dijon.fr\" target=\"_self\" data-mce-selected=\"inline-boundary\" data-cp-link=\"1\" rel=\"noopener noreferrer\" class=\"\">site web<\/a><br >\u2013 Grand H\u00f4tel La Cloche Dijon : <a data-mce-href=\"https:\/\/www.hotel-lacloche.fr\/\" href=\"https:\/\/www.hotel-lacloche.fr\" target=\"_self\" data-mce-selected=\"inline-boundary\" data-cp-link=\"1\" rel=\"noopener noreferrer\" class=\"\">site web<\/a>\r\n<br >\u2013 H\u00f4tel Vertigo Dijon : <a data-mce-href=\"https:\/\/www.vertigohoteldijon.com\/fr\/\" href=\"https:\/\/www.vertigohoteldijon.com\/fr\" target=\"_self\" data-mce-selected=\"inline-boundary\" data-cp-link=\"1\" rel=\"noopener noreferrer\" class=\"\">site web<\/a>&nbsp;\r\n\r\n<br >\u2013 H\u00f4tel Kyriad Dijon Gare : <a data-mce-href=\"http:\/\/www.kyriaddijon.com\/hotel-dijon-gare\/\" href=\"http:\/\/www.kyriaddijon.com\/hotel-dijon-gare\" target=\"_self\" data-mce-selected=\"inline-boundary\" data-cp-link=\"1\" rel=\"noopener noreferrer\" class=\"\">site web<\/a><br >\u2013 Hostellerie du Chapeau Rouge : <a data-mce-href=\"https:\/\/www.chapeau-rouge.fr\/fr\/hotel-dijon-centre\" href=\"https:\/\/www.chapeau-rouge.fr\/fr\/hotel-dijon-centre\" target=\"_self\" data-mce-selected=\"inline-boundary\" data-cp-link=\"1\" rel=\"noopener noreferrer\" class=\"\">site web\r\n<\/a>\r\n<br >\u2013 H\u00f4tel Oceania Le Jura Dijon : <a data-mce-href=\"https:\/\/www.oceaniahotels.com\/fr\/hotel\/hotel-oceania-le-jura-dijon\" href=\"https:\/\/www.oceaniahotels.com\/fr\/hotel\/hotel-oceania-le-jura-dijon\" target=\"_self\" data-mce-selected=\"inline-boundary\" data-cp-link=\"1\" rel=\"noopener noreferrer\" class=\"\">site web<\/a>&nbsp;\r\n<br >\u2013 L\u2019aparthoteL LhL :&nbsp;<a data-mce-href=\"https:\/\/www.aparthotel-dijon.fr\/\" href=\"https:\/\/www.aparthotel-dijon.fr\" target=\"_self\" data-mce-selected=\"inline-boundary\" data-cp-link=\"1\" rel=\"noopener noreferrer\" class=\"\">site web<\/a>\r\n<br >\u2013 H\u00f4tel R\u00e9publique : <a data-mce-href=\"https:\/\/www.hotel-republique-dijon.fr\/\" href=\"https:\/\/www.hotel-republique-dijon.fr\" target=\"_self\" data-mce-selected=\"inline-boundary\" data-cp-link=\"1\" rel=\"noopener noreferrer\" class=\"\">site web\r\n<\/a><br >\u2013 H\u00f4tel Wilson : <a data-mce-href=\"https:\/\/www.wilson-hotel.com\/\" href=\"https:\/\/www.wilson-hotel.com\" target=\"_self\" data-mce-selected=\"inline-boundary\" data-cp-link=\"1\" rel=\"noopener noreferrer\" class=\"\">site web<\/a>\r\n<br >\u2013 Appart\u2019h\u00f4tel Odalys City Les Cordeliers : <a data-mce-href=\"https:\/\/www.odalys-vacances.com\/location-campagne\/bourgogne-et-ain\/dijon\/les-cordeliers.html\" href=\"https:\/\/www.odalys-vacances.com\/location-campagne\/bourgogne-et-ain\/dijon\/les-cordeliers.html\" target=\"_self\" data-mce-selected=\"inline-boundary\" data-cp-link=\"1\" rel=\"noopener noreferrer\" class=\"\">site web&nbsp;<\/a><\/p> <\/div> <div  class=\"col-sm-6 flexbox around-xs top-xs space-top-xs space-bottom-xs\"><div  class=\"overlay-box flexbox middle-xs center-xs overlay-holder\"> <div  class=\"overlay-box-offset offset-border shadow-medium border-color2 hide-xs\"><\/div> <img  class=\"flexbox shadow-large img1\" data-size=\"500x500\" src=\"https:\/\/iutdijon.u-bourgogne.fr\/journeesppp2020\/wp-content\/uploads\/2020\/09\/cropped-Rue-de-la-Liberte.jpg\" alt=\"\" title=\"cropped-Rue-de-la-Liberte.jpg\"><\/div> <\/div><\/div> <\/div><\/div><div  data-label=\"Contact\" data-id=\"contact--1\" data-export-id=\"contact-4\" data-category=\"contact\" class=\"contact-4 content-section\" id=\"contact-1\" style=\"background-color: rgb(245, 250, 253);\"><div  class=\"\"> <div  class=\"row\"><div  class=\"col-xs-12 no-gutter-col\"> <div  data-content-shortcode=\"mesmerize_maps address=&quot;iut dijon&quot; zoom=&quot;65&quot;\" data-editable=\"true\" class=\"\"><iframe class=\"mesmerize-google-maps mesmerize-frame-map\" src=\"https:\/\/maps.google.com\/maps?q=iut dijon&amp;z=14&amp;t=m&amp;output=embed&amp;iwloc=near\"><\/iframe><\/div><\/div> <\/div><\/div> <\/div>","protected":false},"excerpt":{"rendered":"<p>Venir \u00e0 l\u2019IUT Avant votre venue, vous pouvez t\u00e9l\u00e9charger le plan du campus ici et l\u2019application Divia depuis l\u2019App Store ou le Google play afin d\u2019acc\u00e9der aux meilleurs itin\u00e9raires en temps r\u00e9el. Il est possible de venir au campus depuis la gare en utilisant le tram ou le bus.&nbsp; En tram : Ligne T1 direction&hellip; <br \/> <a class=\"read-more\" href=\"https:\/\/iutdijon.u-bourgogne.fr\/journeesppp2020\/infos-pratiques\/\">Read more<\/a><\/p>\n","protected":false},"author":2,"featured_media":0,"parent":0,"menu_order":0,"comment_status":"closed","ping_status":"closed","template":"pro\/page-templates\/full-width-page.php","meta":[],"_links":{"self":[{"href":"https:\/\/iutdijon.u-bourgogne.fr\/journeesppp2020\/wp-json\/wp\/v2\/pages\/694"}],"collection":[{"href":"https:\/\/iutdijon.u-bourgogne.fr\/journeesppp2020\/wp-json\/wp\/v2\/pages"}],"about":[{"href":"https:\/\/iutdijon.u-bourgogne.fr\/journeesppp2020\/wp-json\/wp\/v2\/types\/page"}],"author":[{"embeddable":true,"href":"https:\/\/iutdijon.u-bourgogne.fr\/journeesppp2020\/wp-json\/wp\/v2\/users\/2"}],"replies":[{"embeddable":true,"href":"https:\/\/iutdijon.u-bourgogne.fr\/journeesppp2020\/wp-json\/wp\/v2\/comments?post=694"}],"version-history":[{"count":18,"href":"https:\/\/iutdijon.u-bourgogne.fr\/journeesppp2020\/wp-json\/wp\/v2\/pages\/694\/revisions"}],"predecessor-version":[{"id":756,"href":"https:\/\/iutdijon.u-bourgogne.fr\/journeesppp2020\/wp-json\/wp\/v2\/pages\/694\/revisions\/756"}],"wp:attachment":[{"href":"https:\/\/iutdijon.u-bourgogne.fr\/journeesppp2020\/wp-json\/wp\/v2\/media?parent=694"}],"curies":[{"name":"wp","href":"https:\/\/api.w.org\/{rel}","templated":true}]}}