{"id":53,"date":"2020-09-14T15:36:52","date_gmt":"2020-09-14T13:36:52","guid":{"rendered":"https:\/\/iutdijon.u-bourgogne.fr\/journeesppp2020\/?page_id=53"},"modified":"2020-11-03T10:55:40","modified_gmt":"2020-11-03T09:55:40","slug":"inscription","status":"publish","type":"page","link":"https:\/\/iutdijon.u-bourgogne.fr\/journeesppp2020\/inscription\/","title":{"rendered":"Inscriptions"},"content":{"rendered":"<div  data-label=\"Content\" data-id=\"content--1\" data-export-id=\"content-7\" data-category=\"content\" class=\"content-7 content-section content-section-spacing\" id=\"content-1\" style=\"background-color: rgb(245, 250, 253);\"><div  class=\"gridContainer\"> <div  class=\"row middle-sm\"><div  class=\"col-sm-6 space-bottom-xs\" data-type=\"column\">  <h3  class=\"\">Suite aux derni\u00e8res mesures gouvernementales, les journ\u00e9es PPP auront lieu uniquement en distanciel via Microsoft Teams.<\/h3><p  class=\"\"><span  style=\"color: rgb(60, 66, 79);\">Une proc\u00e9dure via Microsoft Teams a \u00e9t\u00e9 mise en place afin de vous permettre de participer en distanciel.<\/span><br ><span  style=\"color: rgb(60, 66, 79);\">\nEn amont de l\u2019\u00e9v\u00e9nement, vous recevrez un e-mail contenant votre ordre de passage dans les diff\u00e9rents ateliers, ainsi que les horaires de ces derniers.<\/span><br ><span  style=\"color: rgb(60, 66, 79);\">\nIl ne vous restera ensuite qu\u2019\u00e0 vous connecter au canal de l\u2019\u00e9v\u00e9nement <a data-mce-href=\"https:\/\/teams.microsoft.com\/l\/channel\/19%3a1669032108734e389013390e175869ab%40thread.tacv2\/G%25C3%25A9n%25C3%25A9ral?groupId=1ba065ae-8acc-43d2-ab66-b8372ce7b593&amp;tenantId=2fa58faf-7eb1-48b9-9964-a92659d1c5b8\" href=\"https:\/\/teams.microsoft.com\/l\/channel\/19%3a1669032108734e389013390e175869ab%40thread.tacv2\/G%25C3%25A9n%25C3%25A9ral?groupId=1ba065ae-8acc-43d2-ab66-b8372ce7b593&amp;tenantId=2fa58faf-7eb1-48b9-9964-a92659d1c5b8\" target=\"_self\" data-mce-selected=\"inline-boundary\" data-cp-link=\"1\" rel=\"noopener noreferrer\" class=\"\">via ce lien<\/a> quelques minutes avant le d\u00e9but de votre atelier.&nbsp;\n<\/span><\/p> <a class=\"button color1\" href=\"https:\/\/iutdijon.u-bourgogne.fr\/journeesppp2020\/rejoindre-les-journees-ppp-dijon-via-teams\" target=\"_self\" data-cp-link=\"1\" data-icon=\"\" rel=\"noopener noreferrer\">D\u00e9couvrir nos tutoriels Microsoft Teams<\/a><\/div> <div  class=\"col-sm-6\" data-type=\"column\"> <img  class=\"shadow-large\" src=\"https:\/\/iutdijon.u-bourgogne.fr\/journeesppp2020\/wp-content\/uploads\/2020\/09\/cropped-MASQUES_COVID.jpg\" alt=\"\" title=\"cropped-MASQUES_COVID.jpg\"><\/div> <\/div><\/div> <\/div><div  data-label=\"Pricing\" data-id=\"pricing--3\" data-export-id=\"pricing-2\" data-category=\"pricing\" data-featured-class=\"pricing-featured\" class=\"pricing-2 content-section content-section-spacing\" id=\"pricing-3\" style=\"background-color: rgb(255, 255, 255);\"><div  class=\"gridContainer\"> <div  class=\"row text-center\"><div  data-type=\"column\" class=\"section-title-col\"> <h2  class=\"text-center\">Comment s\u2019inscrire ?<\/h2><p  class=\"\">1. Choisir sa formule parmi les 3 propos\u00e9es.<br >\n2. Remplir le formulaire disponible via le bouton \u201cs\u2019inscrire\u201d.<br >\n3. L\u2019inscription est effective une fois le <span  style=\"font-weight: 700;\">r\u00e9glement<\/span> aupr\u00e8s du <span  style=\"font-weight: 700;\">service financier de l\u2019IUT de Dijon-Auxerre r\u00e9alis\u00e9<\/span>.\n<br ><br ><span  style=\"text-decoration: underline; color: rgb(238, 118, 27);\">ATTENTION<\/span> : LES INSCRIPTIONS SONT CLOSES : LE NOMBRE LIMITE D\u2019INSCRIPTIONS EST ATTEINT. \n<br >VOUS POUVEZ<span  style=\"color: rgb(238, 118, 27);\"> <a data-mce-href=\"https:\/\/docs.google.com\/forms\/d\/e\/1FAIpQLSeNSbc0YPMRg_UTlj9oQAUOgIqFu8VTECiBSd0BXG4f1aTaaA\/viewform\" href=\"https:\/\/docs.google.com\/forms\/d\/e\/1FAIpQLSeNSbc0YPMRg_UTlj9oQAUOgIqFu8VTECiBSd0BXG4f1aTaaA\/viewform\" target=\"_self\" data-mce-selected=\"inline-boundary\" data-cp-link=\"1\" rel=\"noopener noreferrer\" class=\"\">VOUS INSCRIRE SUR LA LISTE D\u2019ATTENTE.\ufeff<\/a><\/span><br ><br >Besoin d\u2019aide ?<br >\nRendez-vous \u00e0 la <a data-mce-href=\"..\/contacts\/\" href=\"https:\/\/iutdijon.u-bourgogne.fr\/journeesppp2020\/contacts\" target=\"_self\" data-mce-selected=\"inline-boundary\" data-cp-link=\"1\" rel=\"noopener noreferrer\">section contacts\ufeff<\/a><\/p><\/div> <\/div> <div  data-type=\"row\" class=\"row middle-sm spaced-cols\"> <div  data-default=\"bg-color-white\" data-featured=\"bg-color-black\" class=\"col-xs-12 col-sm-4 text-center no-gutter-col bg-color-white\"> <div  data-default=\"no-border shadow\" data-featured=\"transparent bg-color-black\" data-type=\"column\" class=\"card no-border shadow\"> <h5  data-default=\"no-class\" data-featured=\"lightgray\" class=\"font-600 upper\">Distanciel<\/h5> <i  class=\"fa icon fa-desktop bordered round big color2\"><\/i> <h3  data-default=\"no-class\" data-featured=\"inverted\" class=\"h1\">Gratuit<\/h3>   <p  class=\"\">\u2022 la proc\u00e9dure de participation en distanciel est <a data-mce-href=\"#content-1\" href=\"#content-1\" target=\"_self\" data-mce-selected=\"inline-boundary\" data-cp-link=\"1\" rel=\"noopener noreferrer\">disponible ici<\/a><\/p><a data-default=\"color1\" data-featured=\"color2\" class=\"button upper color1\" href=\"https:\/\/docs.google.com\/forms\/d\/e\/1FAIpQLSeNSbc0YPMRg_UTlj9oQAUOgIqFu8VTECiBSd0BXG4f1aTaaA\/viewform\" target=\"_self\" data-cp-link=\"1\" data-icon=\"\" rel=\"noopener noreferrer\">S\u2019inscrire sur liste d\u2019attente<\/a><\/div> <\/div> <div  data-default=\"bg-color-white\" data-featured=\"bg-color-black\" class=\"col-xs-12 col-sm-4 text-center no-gutter-col bg-color-white\"> <div  data-default=\"no-border shadow\" data-featured=\"transparent bg-color-black\" data-type=\"column\" class=\"card no-border shadow\"> <h5  data-default=\"no-class\" data-featured=\"lightgray\" class=\"font-600 upper\">Pr\u00e9sentiel formule 1<\/h5> <i  class=\"fa icon fa-plane big color2 bordered round\"><\/i> <h3  data-default=\"no-class\" data-featured=\"inverted\" class=\"h1\">60 \u20ac<\/h3>   <p  class=\"\">\u2022 Repas plateau \u00e0 l\u2019IUT jeudi midi<br >\n\u2022 Repas plateau vendredi midi (sur place ou \u00e0 emporter)<br >\n\ufeff\u2022 Pauses caf\u00e9 incluses<\/p><a data-default=\"color1\" data-featured=\"color2\" class=\"button upper color1\" href=\"https:\/\/docs.google.com\/forms\/d\/e\/1FAIpQLSeNSbc0YPMRg_UTlj9oQAUOgIqFu8VTECiBSd0BXG4f1aTaaA\/viewform\" target=\"_self\" data-cp-link=\"1\" data-icon=\"\" rel=\"noopener noreferrer\">S\u2019inscrire sur liste d\u2019attente<\/a><\/div> <\/div> <div  data-default=\"bg-color-white\" data-featured=\"bg-color-black\" class=\"col-xs-12 col-sm-4 text-center no-gutter-col bg-color-white\"> <div  data-default=\"no-border shadow\" data-featured=\"transparent bg-color-black\" data-type=\"column\" class=\"card no-border shadow\"> <h5  data-default=\"no-class\" data-featured=\"lightgray\" class=\"font-600 upper\">Pr\u00e9sentiel FORMULE 2<\/h5> <i  class=\"fa icon fa-rocket big round color2 bordered\"><\/i> <h3  data-default=\"no-class\" data-featured=\"inverted\" class=\"h1\">90 \u20ac<\/h3>   <p  class=\"\">\u2022 Repas plateau \u00e0 l\u2019IUT jeudi midi<br >\n<span  style=\"font-weight: 700;\">\u2022 <span  style=\"color: rgb(238, 118, 27);\">Repas au restaurant jeudi soir<\/span><\/span><br >\n\u2022 Repas plateau vendredi midi (sur place ou \u00e0 emporter)<br >\n\ufeff\u2022 Pauses caf\u00e9 incluses<\/p><a data-default=\"color1\" data-featured=\"color2\" class=\"button upper color1\" href=\"https:\/\/docs.google.com\/forms\/d\/e\/1FAIpQLSeNSbc0YPMRg_UTlj9oQAUOgIqFu8VTECiBSd0BXG4f1aTaaA\/viewform\" target=\"_self\" data-cp-link=\"1\" data-icon=\"\" rel=\"noopener noreferrer\">S\u2019inscrire sur liste d\u2019attente<\/a><\/div> <\/div><\/div> <\/div><\/div><div  data-label=\"Clients\" data-id=\"clients--1\" data-export-id=\"clients-1\" data-category=\"clients\" class=\"clients-1 content-section content-section-spacing\" id=\"clients-1\" style=\"background-color: rgb(255, 255, 255);\"><div  class=\"gridContainer\"> <div  class=\"row middle-sm\"><div  data-type=\"column\" class=\"col-sm-6 space-bottom-xs\">  <\/div> <div  class=\"col-sm-6\"><div  data-type=\"row\" class=\"row spaced-cols center-xs padding-lr\">  <div  class=\"col-xs-3\"> <a data-cp-link=\"1\" href=\"https:\/\/www.iut.fr\" class=\"\" target=\"_self\" rel=\"noopener noreferrer\"><img  src=\"https:\/\/iutdijon.u-bourgogne.fr\/journeesppp2020\/wp-content\/uploads\/2020\/09\/cropped-LOGO-ADIUT-2.png\" class=\"desaturate\" alt=\"\" title=\"cropped-ADIUT_-6.jpg\"><\/a><\/div> <div  class=\"col-xs-3\"> <a data-cp-link=\"1\" href=\"https:\/\/iutdijon.u-bourgogne.fr\/www\" class=\"\" target=\"_self\" rel=\"noopener noreferrer\"><img  src=\"https:\/\/iutdijon.u-bourgogne.fr\/journeesppp2020\/wp-content\/uploads\/2020\/09\/cropped-IUT-Dijon-Auxerre-5.jpg\" class=\"desaturate\" alt=\"\" title=\"cropped-IUT-Dijon-Auxerre-5.jpg\"><\/a><\/div> <div  class=\"col-xs-3\"> <a data-cp-link=\"1\" href=\"https:\/\/www.u-bourgogne.fr\" class=\"\" target=\"_self\" rel=\"noopener noreferrer\"><img  src=\"https:\/\/iutdijon.u-bourgogne.fr\/journeesppp2020\/wp-content\/uploads\/2020\/09\/cropped-Universite-de-Bourgogne8-9.jpg\" class=\"desaturate\" alt=\"\" title=\"cropped-Universite-de-Bourgogne8-9.jpg\"><\/a><\/div> <\/div><\/div> <\/div><\/div> <\/div>","protected":false},"excerpt":{"rendered":"<p>Suite aux derni\u00e8res mesures gouvernementales, les journ\u00e9es PPP auront lieu uniquement en distanciel via Microsoft Teams.Une proc\u00e9dure via Microsoft Teams a \u00e9t\u00e9 mise en place afin de vous permettre de participer en distanciel. En amont de l\u2019\u00e9v\u00e9nement, vous recevrez un e-mail contenant votre ordre de passage dans les diff\u00e9rents ateliers, ainsi que les horaires de&hellip; <br \/> <a class=\"read-more\" href=\"https:\/\/iutdijon.u-bourgogne.fr\/journeesppp2020\/inscription\/\">Read more<\/a><\/p>\n","protected":false},"author":1,"featured_media":0,"parent":0,"menu_order":0,"comment_status":"closed","ping_status":"closed","template":"pro\/page-templates\/full-width-page.php","meta":[],"_links":{"self":[{"href":"https:\/\/iutdijon.u-bourgogne.fr\/journeesppp2020\/wp-json\/wp\/v2\/pages\/53"}],"collection":[{"href":"https:\/\/iutdijon.u-bourgogne.fr\/journeesppp2020\/wp-json\/wp\/v2\/pages"}],"about":[{"href":"https:\/\/iutdijon.u-bourgogne.fr\/journeesppp2020\/wp-json\/wp\/v2\/types\/page"}],"author":[{"embeddable":true,"href":"https:\/\/iutdijon.u-bourgogne.fr\/journeesppp2020\/wp-json\/wp\/v2\/users\/1"}],"replies":[{"embeddable":true,"href":"https:\/\/iutdijon.u-bourgogne.fr\/journeesppp2020\/wp-json\/wp\/v2\/comments?post=53"}],"version-history":[{"count":51,"href":"https:\/\/iutdijon.u-bourgogne.fr\/journeesppp2020\/wp-json\/wp\/v2\/pages\/53\/revisions"}],"predecessor-version":[{"id":836,"href":"https:\/\/iutdijon.u-bourgogne.fr\/journeesppp2020\/wp-json\/wp\/v2\/pages\/53\/revisions\/836"}],"wp:attachment":[{"href":"https:\/\/iutdijon.u-bourgogne.fr\/journeesppp2020\/wp-json\/wp\/v2\/media?parent=53"}],"curies":[{"name":"wp","href":"https:\/\/api.w.org\/{rel}","templated":true}]}}