{"id":35,"date":"2020-09-14T11:21:51","date_gmt":"2020-09-14T09:21:51","guid":{"rendered":"https:\/\/iutdijon.u-bourgogne.fr\/journeesppp2020\/?page_id=35"},"modified":"2020-11-03T10:41:05","modified_gmt":"2020-11-03T09:41:05","slug":"programme","status":"publish","type":"page","link":"https:\/\/iutdijon.u-bourgogne.fr\/journeesppp2020\/programme\/","title":{"rendered":"Programme"},"content":{"rendered":"<div data-label=\"Content\" data-id=\"content--4\" data-export-id=\"content-7\" data-category=\"content\" class=\"content-7 content-section content-section-spacing\" id=\"content-4\"  style=\"background-color: rgb(255, 255, 255);\"><div class=\"gridContainer\" > <div class=\"row middle-sm\" ><div class=\"col-sm-6 space-bottom-xs\" data-type=\"column\" >  <h3 class=\"\" >Suite aux derni\u00e8res mesures gouvernementales, les journ\u00e9es PPP auront lieu uniquement en distanciel via Microsoft Teams.<\/h3><p class=\"\" >Une proc\u00e9dure via Microsoft Teams a \u00e9t\u00e9 mise en place afin de vous permettre de participer en distanciel.<br >\nEn amont de l\u2019\u00e9v\u00e9nement, vous recevrez un e-mail contenant votre ordre de passage dans les diff\u00e9rents ateliers, ainsi que les horaires de ces derniers.<br >\nIl ne vous restera ensuite qu\u2019\u00e0 vous connecter au canal de l\u2019\u00e9v\u00e9nement via ce lien quelques minutes avant le d\u00e9but de votre atelier.<\/p> <a class=\"button color1\" href=\"https:\/\/iutdijon.u-bourgogne.fr\/journeesppp2020\/rejoindre-les-journees-ppp-dijon-via-teams\" target=\"_self\" data-cp-link=\"1\" data-icon=\"\" rel=\"noopener noreferrer\">D\u00e9couvrir nos tutoriels Microsoft Teams<\/a><\/div> <div class=\"col-sm-6\" data-type=\"column\" > <img class=\"shadow-large\" src=\"https:\/\/iutdijon.u-bourgogne.fr\/journeesppp2020\/wp-content\/uploads\/2020\/09\/cropped-PRESENTIEL_DISTANCIEL-1-scaled-2.jpg\"  alt=\"\" title=\"cropped-PRESENTIEL_DISTANCIEL-1-scaled-2.jpg\"><\/div> <\/div><\/div> <\/div><div  data-label=\"Lettre invitation\" data-id=\"cta--2\" data-export-id=\"cta-centered-bg-section\" data-category=\"cta\" data-section-ov=\"1\" class=\"cta-centered-bg-section content-section content-section-spacing-medium white-text\" data-parallax-depth=\"20\" id=\"lettre-invitation\" style=\"background-color: rgb(255, 255, 255); background-size: cover; background-position: center top; background-image: none;\"><div  class=\"gridContainer\"> <div  class=\"row text-center\"><div  data-type=\"column\" class=\"\">  <p  class=\"lead\"><span  style=\"color: rgb(52, 58, 64);\">En 2010 s\u2019est constitu\u00e9 le r\u00e9seau national des r\u00e9f\u00e9rents PPP avec pour objectif principal d\u2019impulser une dynamique collective (\u2026..) Dans cette lign\u00e9e, et en coh\u00e9rence avec notre actualit\u00e9 institutionnelle et p\u00e9dagogique, l\u2019\u00e9dition 2020, sous forme d\u2019ateliers et d\u2019\u00e9changes, s\u2019attachera \u00e0 (\u2026..)<\/span><\/p><a class=\"button color2\" href=\"\/journeesppp2020\/wp-content\/uploads\/2020\/09\/LETTRE_INVITATION_JOURNEES_PPP_2020-1.pdf\" target=\"_self\" data-cp-link=\"1\" data-icon=\"\" rel=\"noopener noreferrer\">Consulter la totalit\u00e9 de la lettre d\u2019invitation<\/a><\/div> <\/div><\/div> <\/div><div  data-label=\"Content\" data-id=\"content--2\" data-export-id=\"content-15\" data-category=\"content\" class=\"content-15 content-section content-section-spacing\" id=\"content-2\" style=\"background-color: rgb(255, 255, 255);\"><div  class=\"gridContainer\"> <div  class=\"row middle-sm\"><div  class=\"col-sm-6 flexbox around-xs top-xs space-bottom-xs space-top-xs\"> <div  class=\"overlay-box flexbox middle-xs center-xs overlay-holder\"><div  class=\"overlay-box-offset offset-border shadow-medium border-color2 hide-xs\"><\/div> <img  class=\"flexbox shadow-large img1\" data-size=\"500x500\" src=\"https:\/\/iutdijon.u-bourgogne.fr\/journeesppp2020\/wp-content\/uploads\/2020\/09\/cropped-ATELIERS-1-1.jpg\" alt=\"\" title=\"cropped-ATELIERS-1-1.jpg\"><\/div> <\/div> <div  class=\"col-sm-6\" data-type=\"column\"> <h2  class=\"\">Jeudi 12 novembre<\/h2> <h4  class=\"\"><span  style=\"font-style: italic; font-weight: 700; font-family: &quot;Open Sans&quot;, arial, helvetica, sans-serif;\">Matin<\/span><\/h4><p  class=\"\"><span  style=\"font-style: italic;\">09h30 \u2013 10h00<\/span> : Accueil \u2013 caf\u00e9<br >\n<span  style=\"font-style: italic;\">10h00 \u2013 10h30<\/span> : Discours des officiels<br ><span  style=\"font-style: italic;\">10h45 \u2013 12h15<\/span> : Conf\u00e9rence<br >\n<span  style=\"font-style: italic;\">12h15 :<\/span> D\u00e9jeuner&nbsp;<\/p> <h4  class=\"\"><span  style=\"font-style: italic; font-family: &quot;Open Sans&quot;, arial, helvetica, sans-serif;\">Apr\u00e8s-midi<\/span><\/h4><p  class=\"\"><span  style=\"font-style: italic;\">14h00 \u2013 16h00<\/span> :  1er roulement d\u2019ateliers<br >\n<span  style=\"font-style: italic;\">16h00 \u2013 16h30<\/span> : Pause caf\u00e9<br >\n<span  style=\"font-style: italic;\">16h30 \u2013 18h30<\/span> : 2\u00e8me roulement d\u2019ateliers<br >\n<span  style=\"font-style: italic;\">20h00<\/span> : Repas optionnel<\/p><\/div> <\/div><\/div> <\/div><div  data-label=\"Content\" data-id=\"content--3\" data-export-id=\"content-16\" data-category=\"content\" class=\"content-16 content-section content-section-spacing\" id=\"content-3\" style=\"background-color: rgb(245, 250, 253);\"><div  class=\"gridContainer\"> <div  class=\"row middle-sm\"><div  class=\"col-sm-6 space-bottom-xs\" data-type=\"column\"> <h2  class=\"\">Vendredi 13 novembre<\/h2> <h5  class=\"\"><span  style=\"font-family: &quot;Open Sans&quot;, arial, helvetica, sans-serif; font-weight: 600; font-style: italic;\">Matin<\/span><\/h5><p  class=\"\"><span  style=\"font-style: italic;\">08h30 \u2013 10h30<\/span> :  3\u00e8me roulement d\u2019ateliers<br >\n<span  style=\"font-style: italic;\">10h30 \u2013 11h00<\/span> :  Pause caf\u00e9<br >\n<span  style=\"font-style: italic;\">11h00 \u2013 13h00<\/span> : Restitution des ateliers et des actions \u00e0 mener<br >\n<span  style=\"font-style: italic;\">13h00 \u2013 14h00<\/span> : D\u00e9jeuner sur place ou \u00e0 emporter<\/p> <h5  class=\"\"><span  style=\"font-style: italic; font-family: &quot;Open Sans&quot;, arial, helvetica, sans-serif; font-weight: 600;\">Apr\u00e8s-midi<\/span><\/h5><p  class=\"\">Une visite optionnelle du centre-ville historique de Dijon sera propos\u00e9e aux participants<\/p><\/div> <div  class=\"col-sm-6 flexbox around-xs top-xs space-top-xs space-bottom-xs\"><div  class=\"overlay-box flexbox middle-xs center-xs overlay-holder\"> <div  class=\"overlay-box-offset offset-border shadow-medium border-color2 hide-xs\"><\/div> <img  class=\"flexbox shadow-large img1\" data-size=\"500x500\" src=\"https:\/\/iutdijon.u-bourgogne.fr\/journeesppp2020\/wp-content\/uploads\/2020\/09\/cropped-Toits_DIJON.jpg\" alt=\"\" title=\"cropped-Toits_DIJON.jpg\"><\/div> <\/div><\/div> <\/div><\/div><div  data-label=\"Cta\" data-id=\"cta--1\" data-export-id=\"cta-centered-bg-section\" data-category=\"cta\" data-section-ov=\"1\" class=\"cta-centered-bg-section content-section content-section-spacing-medium white-text\" data-parallax-depth=\"20\" id=\"cta-1\" style=\"background-color: rgb(255, 255, 255); background-image: none;\"><div  class=\"gridContainer\"> <div  class=\"row text-center\"><div  data-type=\"column\" class=\"\"> <h3  class=\"\"><font  color=\"#343a40\">Int\u00e9ress\u00e9 par le programme ? Pensez \u00e0 vous inscrire !<\/font><\/h3> <a class=\"button big color2\" href=\"https:\/\/iutdijon.u-bourgogne.fr\/journeesppp2020\/inscription\" target=\"_self\" data-cp-link=\"1\" data-icon=\"\" rel=\"noopener noreferrer\">D\u00e9couvrir la proc\u00e9dure d\u2019inscription <\/a><\/div> <\/div><\/div> <\/div><div  data-label=\"Clients\" data-id=\"clients--1\" data-export-id=\"clients-1\" data-category=\"clients\" class=\"clients-1 content-section content-section-spacing\" id=\"clients-1\" style=\"background-color: rgb(245, 250, 253);\"><div  class=\"gridContainer\"> <div  class=\"row middle-sm\"><div  data-type=\"column\" class=\"col-sm-6 space-bottom-xs\">  <\/div> <div  class=\"col-sm-6\"><div  data-type=\"row\" class=\"row spaced-cols center-xs padding-lr\">  <div  class=\"col-xs-3\"> <a data-cp-link=\"1\" href=\"https:\/\/www.iut.fr\" class=\"\" target=\"_self\" rel=\"noopener noreferrer\"><img  src=\"https:\/\/iutdijon.u-bourgogne.fr\/journeesppp2020\/wp-content\/uploads\/2020\/09\/cropped-LOGO-ADIUT.png\" class=\"desaturate\" alt=\"\" title=\"cropped-ADIUT_-1.jpg\"><\/a><\/div> <div  class=\"col-xs-3\"> <a data-cp-link=\"1\" href=\"https:\/\/iutdijon.u-bourgogne.fr\/www\" class=\"\" target=\"_self\" rel=\"noopener noreferrer\"><img  src=\"https:\/\/iutdijon.u-bourgogne.fr\/journeesppp2020\/wp-content\/uploads\/2020\/09\/cropped-IUT-Dijon-Auxerre-1.jpg\" class=\"desaturate\" alt=\"\" title=\"cropped-IUT-Dijon-Auxerre-1.jpg\"><\/a><\/div> <div  class=\"col-xs-3\"> <a data-cp-link=\"1\" href=\"https:\/\/www.u-bourgogne.fr\" class=\"\" target=\"_self\" rel=\"noopener noreferrer\"><img  src=\"https:\/\/iutdijon.u-bourgogne.fr\/journeesppp2020\/wp-content\/uploads\/2020\/09\/cropped-Universite-de-Bourgogne8-8.jpg\" class=\"desaturate\" alt=\"\" title=\"cropped-Universite-de-Bourgogne8-2.jpg\"><\/a><\/div> <\/div><\/div> <\/div><\/div> <\/div>","protected":false},"excerpt":{"rendered":"<p>Suite aux derni\u00e8res mesures gouvernementales, les journ\u00e9es PPP auront lieu uniquement en distanciel via Microsoft Teams.Une proc\u00e9dure via Microsoft Teams a \u00e9t\u00e9 mise en place afin de vous permettre de participer en distanciel. En amont de l\u2019\u00e9v\u00e9nement, vous recevrez un e-mail contenant votre ordre de passage dans les diff\u00e9rents ateliers, ainsi que les horaires de&hellip; <br \/> <a class=\"read-more\" href=\"https:\/\/iutdijon.u-bourgogne.fr\/journeesppp2020\/programme\/\">Read more<\/a><\/p>\n","protected":false},"author":1,"featured_media":0,"parent":0,"menu_order":0,"comment_status":"closed","ping_status":"closed","template":"pro\/page-templates\/full-width-page.php","meta":[],"_links":{"self":[{"href":"https:\/\/iutdijon.u-bourgogne.fr\/journeesppp2020\/wp-json\/wp\/v2\/pages\/35"}],"collection":[{"href":"https:\/\/iutdijon.u-bourgogne.fr\/journeesppp2020\/wp-json\/wp\/v2\/pages"}],"about":[{"href":"https:\/\/iutdijon.u-bourgogne.fr\/journeesppp2020\/wp-json\/wp\/v2\/types\/page"}],"author":[{"embeddable":true,"href":"https:\/\/iutdijon.u-bourgogne.fr\/journeesppp2020\/wp-json\/wp\/v2\/users\/1"}],"replies":[{"embeddable":true,"href":"https:\/\/iutdijon.u-bourgogne.fr\/journeesppp2020\/wp-json\/wp\/v2\/comments?post=35"}],"version-history":[{"count":15,"href":"https:\/\/iutdijon.u-bourgogne.fr\/journeesppp2020\/wp-json\/wp\/v2\/pages\/35\/revisions"}],"predecessor-version":[{"id":840,"href":"https:\/\/iutdijon.u-bourgogne.fr\/journeesppp2020\/wp-json\/wp\/v2\/pages\/35\/revisions\/840"}],"wp:attachment":[{"href":"https:\/\/iutdijon.u-bourgogne.fr\/journeesppp2020\/wp-json\/wp\/v2\/media?parent=35"}],"curies":[{"name":"wp","href":"https:\/\/api.w.org\/{rel}","templated":true}]}}